{"id":999,"date":"2017-11-07T08:34:36","date_gmt":"2017-11-07T13:34:36","guid":{"rendered":"https:\/\/rdvcanada.ca?page_id=999"},"modified":"2017-11-21T15:46:52","modified_gmt":"2017-11-21T20:46:52","slug":"produit","status":"publish","type":"page","link":"https:\/\/rdvcanada.ca\/fr\/espace-client\/produit\/","title":{"rendered":"Produit"},"content":{"rendered":"\t\t<div data-elementor-type=\"wp-post\" data-elementor-id=\"999\" class=\"elementor elementor-999 elementor-827 elementor-bc-flex-widget\" data-elementor-post-type=\"page\">\n\t\t\t\t\t\t<section class=\"elementor-section elementor-top-section elementor-element elementor-element-ac316cf elementor-section-boxed elementor-section-height-default elementor-section-height-default\" data-id=\"ac316cf\" data-element_type=\"section\" data-e-type=\"section\">\n\t\t\t\t\t\t<div class=\"elementor-container elementor-column-gap-default\">\n\t\t\t\t\t<div class=\"elementor-column elementor-col-100 elementor-top-column elementor-element elementor-element-a53deaa\" data-id=\"a53deaa\" data-element_type=\"column\" data-e-type=\"column\">\n\t\t\t<div class=\"elementor-widget-wrap elementor-element-populated\">\n\t\t\t\t\t\t<div class=\"elementor-element elementor-element-dfe3447 elementor-widget elementor-widget-shortcode\" data-id=\"dfe3447\" data-element_type=\"widget\" data-e-type=\"widget\" data-widget_type=\"shortcode.default\">\n\t\t\t\t<div class=\"elementor-widget-container\">\n\t\t\t\t\t\t\t<div class=\"elementor-shortcode\">\n        <div class=\"wrapperTableMaster\">\n\n            \n                <div class=\"row\">\n\n                    <div class=\"col-12 d-flex justify-content-end mb-3\">\n\n                        <a href=\"https:\/\/rdvcanada.ca\/en\/client-space\/product\/add-product\/\" class=\"btn btn-primary\">Ajouter un produit<\/a>\n                    <\/div>\n\n                <\/div>\n\n            \n            \n                <div class=\"row\">\n\n                    <div class=\"col-12\">\n\n                        <div class=\"datatables_error\"><\/div>\n\n                    <\/div>\n\n                <\/div>\n                                    <div class=\"row mb-3\">\n\n                        <div class=\"col-4 col-md-2\">\n\n                            <label for=\"datatable_filter_qty\">Filtre<\/label>\n                            <select name=\"datatable_filter_qty\" id=\"datatable_filter_qty\"\n                                    class=\"select2 datatables_entries w-100\" data-clear=\"false\"><\/select>\n\n                        <\/div>\n\n                        <div class=\"col-4 col-md-3\">\n\n                            <label for=\"datatable_filter_public\">Statut public<\/label>\n                            <select name=\"datatable_filter_public\" id=\"datatable_filter_public\"\n                                    class=\"select2 w-100 datatables_filters\" data-filter=\"admin_public_status\"\n                                    data-clear=\"true\" data-search=\"false\">\n\n                                <option value=\"\" selected><\/option>\n\n                                <option value=\"1\">En r\u00e9vision<\/option>\n                                <option value=\"2\">\u00c0 r\u00e9viser<\/option>\n                                <option value=\"3\">Accept\u00e9<\/option>\n                            <\/select>\n\n                        <\/div>\n\n                        <div class=\"col-4 col-md-3\">\n\n                            <label for=\"datatable_filter_intern\">Statut interne<\/label>\n                            <select name=\"datatable_filter_intern\" id=\"datatable_filter_intern\"\n                                    class=\"select2 w-100 datatables_filters\" data-filter=\"admin_intern_status\"\n                                    data-clear=\"true\" data-search=\"false\">\n\n                                <option value=\"\" selected><\/option>\n\n                                <option value=\"1\">\u00c0 valider<\/option>\n                                <option value=\"2\">\u00c0 traduire<\/option>\n                                <option value=\"3\">Pr\u00eat \u00e0 publier<\/option>\n                                <option value=\"4\">Fiche non-sollicit\u00e9e<\/option>\n                            <\/select>\n\n                        <\/div>\n\n                        <div class=\"col-12 mt-3 mt-md-0 col-md-4\">\n\n                            <label for=\"\">Mot(s)-cl\u00e9(s) ou identifiant\r\n<\/label>\n                            <input type=\"text\" class=\"w-100 datatables_filters\" data-filter=\"search\"\n                                   placeHolder=\"Recherche\">\n\n                        <\/div>\n\n                    <\/div>\n                            \n            <div class=\"row\">\n                <div class=\"col-12\">\n                                    <table class=\"table-incomplete\">\n                        <tr>\n                            <th >\u00c0 compl\u00e9ter<\/th>\n                            <th style=\"width: 50px;\"><\/th>\n                        <\/tr>\n                        <tr><td colspan='2'>Aucune entr\u00e9e \u00e0 compl\u00e9ter<\/td><\/tr>                    <\/table>\n                    \n\n                    <table class=\"memberarea bt datatables \" data-cpt=\"movies\" data-order='[[2, \"desc\"]]'>\n                    <thead>\n\n                    <tr>\n\n                        <th data-visible=\"true\" data-orderable=\"true\" data-name=\"post_ID\" data-width=\"60px\" data-type=\"html\" class=\"dt-head-left\">Id<\/th><th data-visible=\"true\" data-orderable=\"true\" data-name=\"acf_admin_public_status\" data-width=\"220px\" data-type=\"html\" class=\"dt-head-left\">Statut<\/th><th data-visible=\"true\" data-orderable=\"true\" data-name=\"post_modified\" data-width=\"100px\" data-type=\"html\" class=\"dt-head-left\">Date<\/th><th data-visible=\"true\" data-orderable=\"true\" data-name=\"post_title\" data-width=\"auto\" data-type=\"html\" class=\"dt-head-left\">Produit<\/th><th data-visible=\"true\" data-orderable=\"false\" data-name=\"\" data-width=\"50px\" data-type=\"html\" class=\"dt-head-center\" data-class=\"dt-body-center\">Presence<\/th><th data-visible=\"true\" data-orderable=\"false\" data-name=\"\" data-width=\"50px\" data-type=\"html\" class=\"dt-head-center\" data-class=\"dt-body-center\">Voir<\/th><th data-visible=\"true\" data-orderable=\"false\" data-name=\"\" data-width=\"50px\" data-type=\"html\" class=\"dt-head-center\" data-class=\"dt-body-center\">Modifier<\/th><th data-visible=\"false\" data-orderable=\"false\" data-name=\"\" data-width=\"\" data-type=\"html\" class=\"dt-head-left\">Test Export<\/th>\n                    <\/tr>\n\n                    <\/thead>\n\n                    <tbody>\n\n                    <\/tbody>\n\n                    <\/table>\n\n                    \n                <\/div>\n\n            <\/div>\n\n        <\/div>\n\n        <\/div>\n\t\t\t\t\t\t<\/div>\n\t\t\t\t<\/div>\n\t\t\t\t\t<\/div>\n\t\t<\/div>\n\t\t\t\t\t<\/div>\n\t\t<\/section>\n\t\t\t\t<\/div>\n\t\t","protected":false},"excerpt":{"rendered":"","protected":false},"author":1,"featured_media":0,"parent":983,"menu_order":2,"comment_status":"closed","ping_status":"closed","template":"page-memberarea.php","meta":{"_acf_changed":false,"_crdt_document":"","footnotes":""},"class_list":["post-999","page","type-page","status-publish","hentry"],"acf":[],"yoast_head":"<!-- This site is optimized with the Yoast SEO plugin v27.4 - https:\/\/yoast.com\/product\/yoast-seo-wordpress\/ -->\n<title>Produit - RDVCanada.ca<\/title>\n<meta name=\"robots\" content=\"index, follow, max-snippet:-1, max-image-preview:large, max-video-preview:-1\" \/>\n<link rel=\"canonical\" href=\"https:\/\/rdvcanada.ca\/fr\/espace-client\/produit\/\" \/>\n<meta property=\"og:locale\" content=\"fr_CA\" \/>\n<meta property=\"og:type\" content=\"article\" \/>\n<meta property=\"og:title\" content=\"Produit - RDVCanada.ca\" \/>\n<meta property=\"og:url\" content=\"https:\/\/rdvcanada.ca\/fr\/espace-client\/produit\/\" \/>\n<meta property=\"og:site_name\" content=\"RDVCanada.ca\" \/>\n<meta property=\"article:publisher\" content=\"https:\/\/www.facebook.com\/telefilmcanada\" \/>\n<meta property=\"article:modified_time\" content=\"2017-11-21T20:46:52+00:00\" \/>\n<meta name=\"twitter:card\" content=\"summary_large_image\" \/>\n<script type=\"application\/ld+json\" class=\"yoast-schema-graph\">{\n\t    \"@context\": \"https:\\\/\\\/schema.org\",\n\t    \"@graph\": [\n\t        {\n\t            \"@type\": \"WebPage\",\n\t            \"@id\": \"https:\\\/\\\/rdvcanada.ca\\\/fr\\\/espace-client\\\/produit\\\/\",\n\t            \"url\": \"https:\\\/\\\/rdvcanada.ca\\\/fr\\\/espace-client\\\/produit\\\/\",\n\t            \"name\": \"Produit - RDVCanada.ca\",\n\t            \"isPartOf\": {\n\t                \"@id\": \"https:\\\/\\\/rdvcanada.ca\\\/en\\\/#website\"\n\t            },\n\t            \"datePublished\": \"2017-11-07T13:34:36+00:00\",\n\t            \"dateModified\": \"2017-11-21T20:46:52+00:00\",\n\t            \"breadcrumb\": {\n\t                \"@id\": \"https:\\\/\\\/rdvcanada.ca\\\/fr\\\/espace-client\\\/produit\\\/#breadcrumb\"\n\t            },\n\t            \"inLanguage\": \"fr-CA\",\n\t            \"potentialAction\": [\n\t                {\n\t                    \"@type\": \"ReadAction\",\n\t                    \"target\": [\n\t                        \"https:\\\/\\\/rdvcanada.ca\\\/fr\\\/espace-client\\\/produit\\\/\"\n\t                    ]\n\t                }\n\t            ]\n\t        },\n\t        {\n\t            \"@type\": \"BreadcrumbList\",\n\t            \"@id\": \"https:\\\/\\\/rdvcanada.ca\\\/fr\\\/espace-client\\\/produit\\\/#breadcrumb\",\n\t            \"itemListElement\": [\n\t                {\n\t                    \"@type\": \"ListItem\",\n\t                    \"position\": 1,\n\t                    \"name\": \"Home\",\n\t                    \"item\": \"https:\\\/\\\/rdvcanada.ca\\\/en\\\/\"\n\t                },\n\t                {\n\t                    \"@type\": \"ListItem\",\n\t                    \"position\": 2,\n\t                    \"name\": \"Espace Client\",\n\t                    \"item\": \"https:\\\/\\\/rdvcanada.ca\\\/fr\\\/espace-client\\\/\"\n\t                },\n\t                {\n\t                    \"@type\": \"ListItem\",\n\t                    \"position\": 3,\n\t                    \"name\": \"Produit\"\n\t                }\n\t            ]\n\t        },\n\t        {\n\t            \"@type\": \"WebSite\",\n\t            \"@id\": \"https:\\\/\\\/rdvcanada.ca\\\/en\\\/#website\",\n\t            \"url\": \"https:\\\/\\\/rdvcanada.ca\\\/en\\\/\",\n\t            \"name\": \"RDVCanada.ca\",\n\t            \"description\": \"VOIR GRAND. D\u00e9couvrez le meilleur du talent Canadien \u00e0 travers le monde.\",\n\t            \"potentialAction\": [\n\t                {\n\t                    \"@type\": \"SearchAction\",\n\t                    \"target\": {\n\t                        \"@type\": \"EntryPoint\",\n\t                        \"urlTemplate\": \"https:\\\/\\\/rdvcanada.ca\\\/en\\\/?s={search_term_string}\"\n\t                    },\n\t                    \"query-input\": {\n\t                        \"@type\": \"PropertyValueSpecification\",\n\t                        \"valueRequired\": true,\n\t                        \"valueName\": \"search_term_string\"\n\t                    }\n\t                }\n\t            ],\n\t            \"inLanguage\": \"fr-CA\"\n\t        }\n\t    ]\n\t}<\/script>\n<!-- \/ Yoast SEO plugin. -->","yoast_head_json":{"title":"Produit - RDVCanada.ca","robots":{"index":"index","follow":"follow","max-snippet":"max-snippet:-1","max-image-preview":"max-image-preview:large","max-video-preview":"max-video-preview:-1"},"canonical":"https:\/\/rdvcanada.ca\/fr\/espace-client\/produit\/","og_locale":"fr_CA","og_type":"article","og_title":"Produit - RDVCanada.ca","og_url":"https:\/\/rdvcanada.ca\/fr\/espace-client\/produit\/","og_site_name":"RDVCanada.ca","article_publisher":"https:\/\/www.facebook.com\/telefilmcanada","article_modified_time":"2017-11-21T20:46:52+00:00","twitter_card":"summary_large_image","schema":{"@context":"https:\/\/schema.org","@graph":[{"@type":"WebPage","@id":"https:\/\/rdvcanada.ca\/fr\/espace-client\/produit\/","url":"https:\/\/rdvcanada.ca\/fr\/espace-client\/produit\/","name":"Produit - RDVCanada.ca","isPartOf":{"@id":"https:\/\/rdvcanada.ca\/en\/#website"},"datePublished":"2017-11-07T13:34:36+00:00","dateModified":"2017-11-21T20:46:52+00:00","breadcrumb":{"@id":"https:\/\/rdvcanada.ca\/fr\/espace-client\/produit\/#breadcrumb"},"inLanguage":"fr-CA","potentialAction":[{"@type":"ReadAction","target":["https:\/\/rdvcanada.ca\/fr\/espace-client\/produit\/"]}]},{"@type":"BreadcrumbList","@id":"https:\/\/rdvcanada.ca\/fr\/espace-client\/produit\/#breadcrumb","itemListElement":[{"@type":"ListItem","position":1,"name":"Home","item":"https:\/\/rdvcanada.ca\/en\/"},{"@type":"ListItem","position":2,"name":"Espace Client","item":"https:\/\/rdvcanada.ca\/fr\/espace-client\/"},{"@type":"ListItem","position":3,"name":"Produit"}]},{"@type":"WebSite","@id":"https:\/\/rdvcanada.ca\/en\/#website","url":"https:\/\/rdvcanada.ca\/en\/","name":"RDVCanada.ca","description":"VOIR GRAND. D\u00e9couvrez le meilleur du talent Canadien \u00e0 travers le monde.","potentialAction":[{"@type":"SearchAction","target":{"@type":"EntryPoint","urlTemplate":"https:\/\/rdvcanada.ca\/en\/?s={search_term_string}"},"query-input":{"@type":"PropertyValueSpecification","valueRequired":true,"valueName":"search_term_string"}}],"inLanguage":"fr-CA"}]}},"_links":{"self":[{"href":"https:\/\/rdvcanada.ca\/fr\/wp-json\/wp\/v2\/pages\/999","targetHints":{"allow":["GET"]}}],"collection":[{"href":"https:\/\/rdvcanada.ca\/fr\/wp-json\/wp\/v2\/pages"}],"about":[{"href":"https:\/\/rdvcanada.ca\/fr\/wp-json\/wp\/v2\/types\/page"}],"author":[{"embeddable":true,"href":"https:\/\/rdvcanada.ca\/fr\/wp-json\/wp\/v2\/users\/1"}],"replies":[{"embeddable":true,"href":"https:\/\/rdvcanada.ca\/fr\/wp-json\/wp\/v2\/comments?post=999"}],"version-history":[{"count":0,"href":"https:\/\/rdvcanada.ca\/fr\/wp-json\/wp\/v2\/pages\/999\/revisions"}],"up":[{"embeddable":true,"href":"https:\/\/rdvcanada.ca\/fr\/wp-json\/wp\/v2\/pages\/983"}],"wp:attachment":[{"href":"https:\/\/rdvcanada.ca\/fr\/wp-json\/wp\/v2\/media?parent=999"}],"curies":[{"name":"wp","href":"https:\/\/api.w.org\/{rel}","templated":true}]}}