{"id":99489,"date":"2025-05-26T13:15:01","date_gmt":"2025-05-26T17:15:01","guid":{"rendered":"https:\/\/rdvcanada.ca\/?page_id=99489"},"modified":"2025-10-15T15:02:02","modified_gmt":"2025-10-15T19:02:02","slug":"avantages-et-outils","status":"publish","type":"page","link":"https:\/\/rdvcanada.ca\/fr\/creer-avec-le-canada\/avantages-et-outils\/","title":{"rendered":"Avantages et outils"},"content":{"rendered":"\n<div id=\"act-rdvc-custom-banner\" class=\" acf-block-component alignfull alignfull act-rdvc-custom-banner\" id=\"block-block_0a20d529a22dfeaa89f577f578f915fc\" className=\"\">\n\n    <div class=\"act-rdvc-custom-banner__overlay\"><\/div>\n\n    <div class=\"act-rdvc-custom-banner__container\">\n        <div class=\"act-rdvc-custom-banner__wrapper\">\n\n                            <h2 class=\"act-rdvc-custom-banner__title fade-in\" aria-label=\"Ressources de l'industrie audiovisuelle canadienne\" id=\"ressources-de-lindustrie-audiovisuelle-canadienne\">\n                    Ressources de l&#8217;industrie audiovisuelle canadienne                <\/h2>\n            \n            \n        <\/div>\n\n        <div class=\"act-rdvc-custom-banner__icon fade-in-left\" aria-label=\"Ressources de l'industrie audiovisuelle canadienne\">\n            <svg xmlns=\"http:\/\/www.w3.org\/2000\/svg\" width=\"466\" height=\"464\" viewBox=\"0 0 466 464\" fill=\"none\">\n                <path d=\"M459.207 211.681C460.465 210.525 461.352 209.021 461.756 207.358C462.159 205.696 462.061 203.95 461.474 202.344C460.887 200.737 459.837 199.342 458.457 198.335C457.078 197.328 455.431 196.754 453.726 196.686L397.977 194.253C396.849 194.197 395.747 193.897 394.746 193.373C393.744 192.85 392.868 192.116 392.176 191.221C391.484 190.326 390.994 189.292 390.738 188.189C390.483 187.086 390.468 185.941 390.695 184.832L395.941 159.788C396.266 158.169 396.074 156.489 395.392 154.986C394.709 153.484 393.572 152.235 392.141 151.417C390.71 150.6 389.059 150.256 387.421 150.434C385.784 150.612 384.245 151.303 383.022 152.408L316.859 213.409C315.008 215.161 312.61 216.218 310.071 216.401C307.532 216.585 305.008 215.883 302.926 214.414C300.844 212.945 299.332 210.801 298.647 208.343C297.961 205.885 298.143 203.265 299.163 200.926L338.313 106.168C339.179 104.043 339.361 101.699 338.832 99.466C338.303 97.2326 337.089 95.2214 335.362 93.7146C333.634 92.2079 331.48 91.2812 329.201 91.0647C326.921 90.8482 324.632 91.3527 322.653 92.5074L288.671 113.469C287.298 114.32 285.748 114.845 284.141 115.003C282.534 115.161 280.912 114.947 279.4 114.378C277.888 113.81 276.526 112.902 275.418 111.723C274.311 110.545 273.487 109.128 273.011 107.581L243.492 11.8803C242.781 9.59622 241.36 7.59974 239.438 6.18214C237.515 4.76455 235.191 4 232.804 4C230.418 4 228.094 4.76455 226.171 6.18214C224.248 7.59974 222.828 9.59622 222.116 11.8803L192.989 107.581C192.5 109.118 191.669 110.525 190.559 111.694C189.45 112.864 188.09 113.766 186.583 114.333C185.076 114.899 183.46 115.116 181.857 114.966C180.254 114.817 178.706 114.305 177.329 113.469L143.425 92.5074C141.443 91.4037 139.169 90.939 136.914 91.1764C134.659 91.4137 132.531 92.3417 130.82 93.8341C129.109 95.3265 127.898 97.3108 127.352 99.5175C126.805 101.724 126.95 104.046 127.765 106.168L166.915 200.926C167.878 203.269 168.016 205.87 167.307 208.302C166.598 210.734 165.084 212.851 163.014 214.304C160.944 215.758 158.443 216.461 155.921 216.298C153.399 216.136 151.008 215.116 149.141 213.409L83.0565 152.408C81.8335 151.303 80.2939 150.612 78.6567 150.434C77.0195 150.256 75.3681 150.6 73.9372 151.417C72.5063 152.235 71.3689 153.484 70.6866 154.986C70.0044 156.489 69.8121 158.169 70.1371 159.788L75.3831 184.832C75.6111 185.947 75.5945 187.099 75.3344 188.207C75.0742 189.315 74.5768 190.353 73.8766 191.249C73.1765 192.146 72.2903 192.879 71.2795 193.397C70.2687 193.916 69.1575 194.208 68.0229 194.253L12.2738 196.686C10.5686 196.754 8.92194 197.328 7.54253 198.335C6.16312 199.342 5.11321 200.737 4.52601 202.344C3.9388 203.95 3.84076 205.696 4.24435 207.358C4.64793 209.021 5.53493 210.525 6.79282 211.681L47.1953 248.972C48.077 249.814 48.7688 250.835 49.2245 251.967C49.6801 253.099 49.889 254.315 49.8371 255.535C49.7852 256.754 49.4737 257.948 48.9235 259.037C48.3734 260.126 47.5972 261.084 46.6472 261.848L23.9404 279.747C23.0727 280.429 22.3923 281.322 21.9633 282.34C21.5344 283.359 21.371 284.47 21.4885 285.569C21.606 286.669 22.0004 287.72 22.6349 288.624C23.2693 289.528 24.1227 290.256 25.1149 290.738L140.528 346.4C142.313 347.264 143.84 348.585 144.953 350.229C146.067 351.873 146.729 353.783 146.872 355.766C147.015 357.748 146.634 359.733 145.768 361.521C144.901 363.309 143.58 364.836 141.938 365.948L112.34 385.889C110.148 387.334 108.541 389.515 107.807 392.041C107.072 394.566 107.259 397.271 108.333 399.671C109.408 402.071 111.299 404.009 113.669 405.138C116.039 406.266 118.733 406.512 121.267 405.83L221.568 380.865V448.224C221.568 451.347 222.806 454.342 225.008 456.551C227.211 458.759 230.198 460 233.313 460C236.428 460 239.416 458.759 241.618 456.551C243.821 454.342 245.058 451.347 245.058 448.224V380.865L345.438 405.83C347.964 406.477 350.636 406.206 352.982 405.067C355.329 403.927 357.197 401.992 358.256 399.604C359.316 397.216 359.499 394.529 358.772 392.019C358.045 389.509 356.456 387.337 354.286 385.889L324.767 365.948C323.124 364.836 321.803 363.309 320.937 361.521C320.071 359.733 319.69 357.748 319.833 355.766C319.976 353.783 320.637 351.873 321.751 350.229C322.865 348.585 324.391 347.264 326.176 346.4L441.59 290.738C442.582 290.256 443.435 289.528 444.07 288.624C444.704 287.72 445.099 286.669 445.216 285.569C445.334 284.47 445.17 283.359 444.741 282.34C444.312 281.322 443.632 280.429 442.764 279.747L419.979 261.848C419.023 261.086 418.243 260.126 417.692 259.034C417.141 257.941 416.833 256.742 416.788 255.518C416.743 254.295 416.964 253.076 417.433 251.946C417.903 250.816 418.611 249.802 419.509 248.972L459.207 211.681Z\" stroke=\"#F3F3ED\" stroke-width=\"8\" stroke-miterlimit=\"10\"\/>\n            <\/svg>        <\/div>\n    <\/div>\n\n    <?php# if ($svg_icon): ?>\n        <!-- <img decoding=\"async\" class=\"act-rdvc-custom-banner__icon fade-in-left\" src=\"<?php# echo $svg_icon ?>\" alt=\"<?php# echo $title ?>\"> -->\n    <?php# endif; ?>\n\n<\/div>\n\n\n<div class=\" acf-block-component alignfull alignfull act-breadcrumb-bar\" id=\"block-block_5238fd2a9073878527bd1fc8779f1aea\" className=\"\">\n        <div class=\"wp-block-group alignwide act-breadcrumb-bar__container\">\n            \n            <div class=\"yoast-breadcrumbs\"><span class=\"breadcrumbs\"><a href=\"https:\/\/rdvcanada.ca\/en\/\" class=\"breadcrumbs__element\">Home<\/a> <span class=\"breadcrumbs__separator\">\n        <svg class=\"icon icon-breadcrumb__separator\"><use xlink:href=\"#icon-breadcrumb__separator\"><\/use><\/svg>\n    <\/span> <a href=\"https:\/\/rdvcanada.ca\/fr\/creer-avec-le-canada\/\" class=\"breadcrumbs__element\">Cr\u00e9er avec le Canada<\/a> <span class=\"breadcrumbs__separator\">\n        <svg class=\"icon icon-breadcrumb__separator\"><use xlink:href=\"#icon-breadcrumb__separator\"><\/use><\/svg>\n    <\/span> <span class=\"breadcrumbs__element breadcrumbs__element-current\">Avantages et outils<\/span><\/span><\/div>\n            \n        <\/div>\n    <\/div>\n\n\n\n<p class=\"act-lead wp-block-paragraph\">Que ce soit pour mettre en lumi\u00e8re la cr\u00e9ativit\u00e9 locale ou concr\u00e9tiser des coproductions \u00e0 l\u2019international, l\u2019industrie audiovisuelle canadienne vous ouvre les portes d\u2019un univers de possibilit\u00e9s. Avec ses ressources de pointe et ses nombreux avantages, le Canada est le partenaire id\u00e9al.<\/p>\n\n\n\n\n<div class=\"wp-block-media-text alignwide has-media-on-the-right is-stacked-on-mobile is-style-classic\" style=\"margin-top:var(--wp--preset--spacing--60);margin-bottom:var(--wp--preset--spacing--60);padding-top:0;padding-right:0;padding-bottom:0;padding-left:0\"><div class=\"wp-block-media-text__content\">\n<p class=\"wp-block-paragraph\">partenaire de choix<\/p>\n\n\n\n<h2 class=\"wp-block-heading is-style-bottom-line has-heading-2-font-size\" id=\"le-canada-a-tout-ce-quil-vous-faut\">LE CANADA A tout ce qu&#8217;il vous faut<\/h2>\n\n\n\n<p class=\"wp-block-paragraph\">Faire \u00e9quipe avec le Canada, c\u2019est pouvoir compter sur des ressources qui vous permettront d\u2019atteindre vos objectifs et de concr\u00e9tiser votre vision. C\u2019est aussi acc\u00e9der \u00e0 du financement via un partenaire de coproduction canadien. Sans oublier la possibilit\u00e9 de tourner dans des d\u00e9cors naturels exceptionnels qui \u00e9voluent au fil des saisons.<\/p>\n\n\n\n<div class=\"wp-block-buttons is-layout-flex wp-block-buttons-is-layout-flex\">\n<div class=\"wp-block-button\"><a class=\"wp-block-button__link wp-element-button\" href=\"https:\/\/rdvcanada.ca\/fr\/creer-avec-le-canada\/avantages-et-outils\/tourner-au-canada\/#shooting\">LIEUX DE TOURNAGE<\/a><\/div>\n\n\n\n<div class=\"wp-block-button\"><a class=\"wp-block-button__link wp-element-button\" href=\"https:\/\/rdvcanada.ca\/fr\/creer-avec-le-canada\/avantages-et-outils\/tourner-au-canada\/#public\">Financement public, cr\u00e9dits et certification<\/a><\/div>\n\n\n\n<div class=\"wp-block-button\"><a class=\"wp-block-button__link wp-element-button\" href=\"https:\/\/rdvcanada.ca\/fr\/creer-avec-le-canada\/avantages-et-outils\/tourner-au-canada\/#resources\">Ressources de l\u2019industrie<\/a><\/div>\n<\/div>\n<\/div><figure class=\"wp-block-media-text__media\"><img decoding=\"async\" src=\"https:\/\/stage.rdvcanada.ca\/wp-content\/uploads\/2024\/11\/shutterstock_2150078655-1024x538.jpg\" alt=\"\" class=\"wp-image-76410 size-full\" loading=\"lazy\" \/><\/figure><\/div>\n\n\n\n<div class=\"wp-block-media-text alignwide is-stacked-on-mobile is-style-classic\" style=\"margin-top:var(--wp--preset--spacing--60);margin-bottom:var(--wp--preset--spacing--60);padding-top:0;padding-right:0;padding-bottom:0;padding-left:0\"><figure class=\"wp-block-media-text__media\"><img decoding=\"async\" src=\"https:\/\/stage.rdvcanada.ca\/wp-content\/uploads\/2024\/07\/iStock-682180238-866x576.jpg\" alt=\"\" class=\"wp-image-76012 size-full\" loading=\"lazy\" \/><\/figure><div class=\"wp-block-media-text__content\">\n<p class=\"wp-block-paragraph\">UN MONDE DE POSSIBILIT\u00c9S<\/p>\n\n\n\n<h2 class=\"wp-block-heading is-style-bottom-line has-heading-2-font-size\"><strong>DONNEZ VIE \u00c0 VOS GRANDES ID\u00c9ES<\/strong><\/h2>\n\n\n\n<p class=\"wp-block-paragraph\">Vous \u00eates entre de bonnes mains : nous disposons d\u2019un important bassin de producteurs et de soci\u00e9t\u00e9s de production mondialement reconnus.<\/p>\n\n\n\n<p class=\"wp-block-paragraph\">Gr\u00e2ce \u00e0 nos r\u00e9pertoires, nous pouvons vous aider \u00e0 trouver le meilleur partenaire pour votre prochain projet.<\/p>\n\n\n\n<div class=\"wp-block-buttons is-layout-flex wp-block-buttons-is-layout-flex\">\n<div class=\"wp-block-button\"><a class=\"wp-block-button__link wp-element-button\" href=\"https:\/\/rdvcanada.ca\/fr\/creer-avec-le-canada\/avantages-et-outils\/nos-repertoires\/\">consulter nos R\u00c9PERTOIRES<\/a><\/div>\n<\/div>\n<\/div><\/div>\n\n\n\n<div class=\"wp-block-media-text alignwide has-media-on-the-right is-stacked-on-mobile is-style-classic\" style=\"margin-top:var(--wp--preset--spacing--90);margin-bottom:var(--wp--preset--spacing--60);padding-top:0;padding-right:0;padding-bottom:0;padding-left:0\"><div class=\"wp-block-media-text__content\">\n<h2 class=\"wp-block-heading is-style-bottom-line has-heading-2-font-size\" id=\"coup-doeil-sur-telefilm-canada\">COUP D\u2019\u0152IL SUR T\u00c9L\u00c9FILM Canada<\/h2>\n\n\n\n<p class=\"wp-block-paragraph\">T\u00e9l\u00e9film Canada fait rayonner le cin\u00e9ma canadien \u00e0 l\u2019\u00e9chelle mondiale, en investissant dans des projets captivants et en facilitant les coproductions internationales afin de stimuler la demande de contenus cin\u00e9matographiques canadiens et d\u2019en favoriser l\u2019acc\u00e8s.<\/p>\n\n\n\n<div class=\"wp-block-buttons is-layout-flex wp-block-buttons-is-layout-flex\">\n<div class=\"wp-block-button\"><a class=\"wp-block-button__link wp-element-button\" href=\"https:\/\/rdvcanada.ca\/fr\/creer-avec-le-canada\/avantages-et-outils\/qui-est-telefilm\/\">D\u00c9COUVREZ T\u00c9L\u00c9FILM CANADA<\/a><\/div>\n<\/div>\n<\/div><figure class=\"wp-block-media-text__media\"><img decoding=\"async\" src=\"https:\/\/stage.rdvcanada.ca\/wp-content\/uploads\/2025\/01\/Banque_Royale_-_360_rue_Saint-Jacques_-_Montreal_-_06-768x576.jpg\" alt=\"\" class=\"wp-image-76509 size-full\" loading=\"lazy\" \/><\/figure><\/div>\n\n\n\n<div class=\"wp-block-group alignfull is-style-bg-grey is-layout-constrained wp-block-group-is-layout-constrained\">\n<div class=\"wp-block-media-text alignwide is-stacked-on-mobile is-style-classic\" style=\"margin-top:0;margin-bottom:0;padding-top:0;padding-right:0;padding-bottom:0;padding-left:0\"><figure class=\"wp-block-media-text__media\"><img decoding=\"async\" src=\"https:\/\/stage.rdvcanada.ca\/wp-content\/uploads\/2024\/11\/shutterstock_2509380987-865x576.jpg\" alt=\"\" class=\"wp-image-76413 size-full\" loading=\"lazy\" \/><\/figure><div class=\"wp-block-media-text__content\">\n<p class=\"wp-block-paragraph\">En avant la copro<\/p>\n\n\n\n<h2 class=\"wp-block-heading is-style-bottom-line\" id=\"incitatifs-financiers-a-la-coproduction\">Incitatifs financiers \u00e0 la coproduction<\/h2>\n\n\n\n<p class=\"wp-block-paragraph\">En coproduisant avec le Canada, votre partenaire canadien b\u00e9n\u00e9ficie de la quasi-totalit\u00e9 des programmes de financement offerts par T\u00e9l\u00e9film Canada et par les organismes de chaque province et territoire du pays.<\/p>\n\n\n\n<div class=\"wp-block-buttons is-layout-flex wp-block-buttons-is-layout-flex\">\n<div class=\"wp-block-button\"><a class=\"wp-block-button__link wp-element-button\" href=\"https:\/\/rdvcanada.ca\/fr\/creer-avec-le-canada\/comment-creer-avec-le-canada\/coproduction\/\">L&#8217;ABC de la coproduction<\/a><\/div>\n\n\n\n<div class=\"wp-block-button is-style-fill\"><a class=\"wp-block-button__link wp-element-button\" href=\"https:\/\/telefilm.ca\/fr\/financement-et-soutien\/coproductions\/traites-internationaux\">V\u00e9rifiez si votre pays a conclu un trait\u00e9 avec nous<\/a><\/div>\n<\/div>\n<\/div><\/div>\n<\/div>\n\n\n\n<div class=\"wp-block-group alignfull is-style-bg-red-erable is-layout-constrained wp-block-group-is-layout-constrained\">\n<div style=\" flex-wrap: nowrap\" class=\" wp-block-group alignwide subscribe__wrapper is-content-justification-space-between is-nowrap is-layout-flex wp-block-group-is-layout-flex\">\n<div class=\"wp-block-group subscribe__container is-layout-flow wp-block-group-is-layout-flow\">\n<h2 class=\"wp-block-heading\"><strong>Ne manquez rien.<\/strong><\/h2>\n\n\n\n<div style=\" flex-wrap: nowrap\" class=\"wp-block-group is-nowrap is-layout-flex wp-block-group-is-layout-flex\">\n<h1 class=\"wp-block-heading\" id=\"abonnez-vous\">ABONNEZ-VOUS<\/h1>\n\n\n\n<h1 class=\"wp-block-heading is-style-outline\" id=\"maintenant\">MAINTENANT !<\/h1>\n<\/div>\n\n\n\n<p class=\"wp-block-paragraph\"><strong>Recevez les derni\u00e8res nouvelles du secteur audiovisuel canadien.<\/strong><\/p>\n<\/div>\n\n\n\n<div style=\" flex-wrap: nowrap\" class=\" wp-block-buttons is-horizontal is-content-justification-center is-nowrap is-layout-flex wp-block-buttons-is-layout-flex\">\n<div class=\"wp-block-button is-style-light\"><a class=\"wp-block-button__link wp-element-button\" href=\"https:\/\/stage.rdvcanada.ca\/fr\/inscription-a-linfolettre\/\" target=\"_blank\" rel=\"noreferrer noopener\">s&#8217;inscrire<\/a><\/div>\n<\/div>\n<\/div>\n<\/div>\n","protected":false},"excerpt":{"rendered":"<p>En avant la copro Incitatifs financiers \u00e0 la coproduction En coproduisant avec le Canada, votre partenaire canadien b\u00e9n\u00e9ficie de la quasi-totalit\u00e9 des programmes de financement offerts par T\u00e9l\u00e9film Canada et par les organismes de chaque province et territoire du pays.<\/p>\n","protected":false},"author":1,"featured_media":0,"parent":99459,"menu_order":2,"comment_status":"closed","ping_status":"closed","template":"","meta":{"_acf_changed":false,"_crdt_document":"","footnotes":""},"class_list":["post-99489","page","type-page","status-publish","hentry"],"acf":[],"yoast_head":"<!-- This site is optimized with the Yoast SEO plugin v27.3 - https:\/\/yoast.com\/product\/yoast-seo-wordpress\/ -->\n<title>Ressources de l\u2019industrie audiovisuelle | RDV Canada<\/title>\n<meta name=\"description\" content=\"Lieux de tournage vari\u00e9s, industrie audiovisuelle reconnue, aides financi\u00e8res, cr\u00e9dits d&#039;imp\u00f4t et financement public : le Canada est un partenaire de choix.\" \/>\n<meta name=\"robots\" content=\"index, follow, max-snippet:-1, max-image-preview:large, max-video-preview:-1\" \/>\n<link rel=\"canonical\" href=\"https:\/\/rdvcanada.ca\/fr\/creer-avec-le-canada\/avantages-et-outils\/\" \/>\n<meta property=\"og:locale\" content=\"fr_CA\" \/>\n<meta property=\"og:type\" content=\"article\" \/>\n<meta property=\"og:title\" content=\"Ressources de l\u2019industrie audiovisuelle | RDV Canada\" \/>\n<meta property=\"og:description\" content=\"Lieux de tournage vari\u00e9s, industrie audiovisuelle reconnue, aides financi\u00e8res, cr\u00e9dits d&#039;imp\u00f4t et financement public : le Canada est un partenaire de choix.\" \/>\n<meta property=\"og:url\" content=\"https:\/\/rdvcanada.ca\/fr\/creer-avec-le-canada\/avantages-et-outils\/\" \/>\n<meta property=\"og:site_name\" content=\"RDVCanada.ca\" \/>\n<meta property=\"article:publisher\" content=\"https:\/\/www.facebook.com\/telefilmcanada\" \/>\n<meta property=\"article:modified_time\" content=\"2025-10-15T19:02:02+00:00\" \/>\n<meta property=\"og:image\" content=\"https:\/\/rdvcanada.ca\/wp-content\/uploads\/2023\/02\/Nach_DUDSDEEMAYTHA.jpg\" \/>\n\t<meta property=\"og:image:width\" content=\"744\" \/>\n\t<meta property=\"og:image:height\" content=\"1114\" \/>\n\t<meta property=\"og:image:type\" content=\"image\/jpeg\" \/>\n<meta name=\"twitter:card\" content=\"summary_large_image\" \/>\n<meta name=\"twitter:label1\" content=\"Estimation du temps de lecture\" \/>\n\t<meta name=\"twitter:data1\" content=\"3 minutes\" \/>\n<script type=\"application\/ld+json\" class=\"yoast-schema-graph\">{\n\t    \"@context\": \"https:\\\/\\\/schema.org\",\n\t    \"@graph\": [\n\t        {\n\t            \"@type\": \"WebPage\",\n\t            \"@id\": \"https:\\\/\\\/rdvcanada.ca\\\/fr\\\/creer-avec-le-canada\\\/avantages-et-outils\\\/\",\n\t            \"url\": \"https:\\\/\\\/rdvcanada.ca\\\/fr\\\/creer-avec-le-canada\\\/avantages-et-outils\\\/\",\n\t            \"name\": \"Ressources de l\u2019industrie audiovisuelle | RDV Canada\",\n\t            \"isPartOf\": {\n\t                \"@id\": \"https:\\\/\\\/rdvcanada.ca\\\/en\\\/#website\"\n\t            },\n\t            \"primaryImageOfPage\": {\n\t                \"@id\": \"https:\\\/\\\/rdvcanada.ca\\\/fr\\\/creer-avec-le-canada\\\/avantages-et-outils\\\/#primaryimage\"\n\t            },\n\t            \"image\": {\n\t                \"@id\": \"https:\\\/\\\/rdvcanada.ca\\\/fr\\\/creer-avec-le-canada\\\/avantages-et-outils\\\/#primaryimage\"\n\t            },\n\t            \"thumbnailUrl\": \"https:\\\/\\\/stage.rdvcanada.ca\\\/wp-content\\\/uploads\\\/2024\\\/11\\\/shutterstock_2150078655-1024x538.jpg\",\n\t            \"datePublished\": \"2025-05-26T17:15:01+00:00\",\n\t            \"dateModified\": \"2025-10-15T19:02:02+00:00\",\n\t            \"description\": \"Lieux de tournage vari\u00e9s, industrie audiovisuelle reconnue, aides financi\u00e8res, cr\u00e9dits d'imp\u00f4t et financement public : le Canada est un partenaire de choix.\",\n\t            \"breadcrumb\": {\n\t                \"@id\": \"https:\\\/\\\/rdvcanada.ca\\\/fr\\\/creer-avec-le-canada\\\/avantages-et-outils\\\/#breadcrumb\"\n\t            },\n\t            \"inLanguage\": \"fr-CA\",\n\t            \"potentialAction\": [\n\t                {\n\t                    \"@type\": \"ReadAction\",\n\t                    \"target\": [\n\t                        \"https:\\\/\\\/rdvcanada.ca\\\/fr\\\/creer-avec-le-canada\\\/avantages-et-outils\\\/\"\n\t                    ]\n\t                }\n\t            ]\n\t        },\n\t        {\n\t            \"@type\": \"ImageObject\",\n\t            \"inLanguage\": \"fr-CA\",\n\t            \"@id\": \"https:\\\/\\\/rdvcanada.ca\\\/fr\\\/creer-avec-le-canada\\\/avantages-et-outils\\\/#primaryimage\",\n\t            \"url\": \"https:\\\/\\\/stage.rdvcanada.ca\\\/wp-content\\\/uploads\\\/2024\\\/11\\\/shutterstock_2150078655-1024x538.jpg\",\n\t            \"contentUrl\": \"https:\\\/\\\/stage.rdvcanada.ca\\\/wp-content\\\/uploads\\\/2024\\\/11\\\/shutterstock_2150078655-1024x538.jpg\"\n\t        },\n\t        {\n\t            \"@type\": \"BreadcrumbList\",\n\t            \"@id\": \"https:\\\/\\\/rdvcanada.ca\\\/fr\\\/creer-avec-le-canada\\\/avantages-et-outils\\\/#breadcrumb\",\n\t            \"itemListElement\": [\n\t                {\n\t                    \"@type\": \"ListItem\",\n\t                    \"position\": 1,\n\t                    \"name\": \"Home\",\n\t                    \"item\": \"https:\\\/\\\/rdvcanada.ca\\\/en\\\/\"\n\t                },\n\t                {\n\t                    \"@type\": \"ListItem\",\n\t                    \"position\": 2,\n\t                    \"name\": \"Cr\u00e9er avec le Canada\",\n\t                    \"item\": \"https:\\\/\\\/rdvcanada.ca\\\/fr\\\/creer-avec-le-canada\\\/\"\n\t                },\n\t                {\n\t                    \"@type\": \"ListItem\",\n\t                    \"position\": 3,\n\t                    \"name\": \"Avantages et outils\"\n\t                }\n\t            ]\n\t        },\n\t        {\n\t            \"@type\": \"WebSite\",\n\t            \"@id\": \"https:\\\/\\\/rdvcanada.ca\\\/en\\\/#website\",\n\t            \"url\": \"https:\\\/\\\/rdvcanada.ca\\\/en\\\/\",\n\t            \"name\": \"RDVCanada.ca\",\n\t            \"description\": \"VOIR GRAND. D\u00e9couvrez le meilleur du talent Canadien \u00e0 travers le monde.\",\n\t            \"potentialAction\": [\n\t                {\n\t                    \"@type\": \"SearchAction\",\n\t                    \"target\": {\n\t                        \"@type\": \"EntryPoint\",\n\t                        \"urlTemplate\": \"https:\\\/\\\/rdvcanada.ca\\\/en\\\/?s={search_term_string}\"\n\t                    },\n\t                    \"query-input\": {\n\t                        \"@type\": \"PropertyValueSpecification\",\n\t                        \"valueRequired\": true,\n\t                        \"valueName\": \"search_term_string\"\n\t                    }\n\t                }\n\t            ],\n\t            \"inLanguage\": \"fr-CA\"\n\t        }\n\t    ]\n\t}<\/script>\n<!-- \/ Yoast SEO plugin. -->","yoast_head_json":{"title":"Ressources de l\u2019industrie audiovisuelle | RDV Canada","description":"Lieux de tournage vari\u00e9s, industrie audiovisuelle reconnue, aides financi\u00e8res, cr\u00e9dits d'imp\u00f4t et financement public : le Canada est un partenaire de choix.","robots":{"index":"index","follow":"follow","max-snippet":"max-snippet:-1","max-image-preview":"max-image-preview:large","max-video-preview":"max-video-preview:-1"},"canonical":"https:\/\/rdvcanada.ca\/fr\/creer-avec-le-canada\/avantages-et-outils\/","og_locale":"fr_CA","og_type":"article","og_title":"Ressources de l\u2019industrie audiovisuelle | RDV Canada","og_description":"Lieux de tournage vari\u00e9s, industrie audiovisuelle reconnue, aides financi\u00e8res, cr\u00e9dits d'imp\u00f4t et financement public : le Canada est un partenaire de choix.","og_url":"https:\/\/rdvcanada.ca\/fr\/creer-avec-le-canada\/avantages-et-outils\/","og_site_name":"RDVCanada.ca","article_publisher":"https:\/\/www.facebook.com\/telefilmcanada","article_modified_time":"2025-10-15T19:02:02+00:00","og_image":[{"width":744,"height":1114,"url":"https:\/\/rdvcanada.ca\/wp-content\/uploads\/2023\/02\/Nach_DUDSDEEMAYTHA.jpg","type":"image\/jpeg"}],"twitter_card":"summary_large_image","twitter_misc":{"Estimation du temps de lecture":"3 minutes"},"schema":{"@context":"https:\/\/schema.org","@graph":[{"@type":"WebPage","@id":"https:\/\/rdvcanada.ca\/fr\/creer-avec-le-canada\/avantages-et-outils\/","url":"https:\/\/rdvcanada.ca\/fr\/creer-avec-le-canada\/avantages-et-outils\/","name":"Ressources de l\u2019industrie audiovisuelle | RDV Canada","isPartOf":{"@id":"https:\/\/rdvcanada.ca\/en\/#website"},"primaryImageOfPage":{"@id":"https:\/\/rdvcanada.ca\/fr\/creer-avec-le-canada\/avantages-et-outils\/#primaryimage"},"image":{"@id":"https:\/\/rdvcanada.ca\/fr\/creer-avec-le-canada\/avantages-et-outils\/#primaryimage"},"thumbnailUrl":"https:\/\/stage.rdvcanada.ca\/wp-content\/uploads\/2024\/11\/shutterstock_2150078655-1024x538.jpg","datePublished":"2025-05-26T17:15:01+00:00","dateModified":"2025-10-15T19:02:02+00:00","description":"Lieux de tournage vari\u00e9s, industrie audiovisuelle reconnue, aides financi\u00e8res, cr\u00e9dits d'imp\u00f4t et financement public : le Canada est un partenaire de choix.","breadcrumb":{"@id":"https:\/\/rdvcanada.ca\/fr\/creer-avec-le-canada\/avantages-et-outils\/#breadcrumb"},"inLanguage":"fr-CA","potentialAction":[{"@type":"ReadAction","target":["https:\/\/rdvcanada.ca\/fr\/creer-avec-le-canada\/avantages-et-outils\/"]}]},{"@type":"ImageObject","inLanguage":"fr-CA","@id":"https:\/\/rdvcanada.ca\/fr\/creer-avec-le-canada\/avantages-et-outils\/#primaryimage","url":"https:\/\/stage.rdvcanada.ca\/wp-content\/uploads\/2024\/11\/shutterstock_2150078655-1024x538.jpg","contentUrl":"https:\/\/stage.rdvcanada.ca\/wp-content\/uploads\/2024\/11\/shutterstock_2150078655-1024x538.jpg"},{"@type":"BreadcrumbList","@id":"https:\/\/rdvcanada.ca\/fr\/creer-avec-le-canada\/avantages-et-outils\/#breadcrumb","itemListElement":[{"@type":"ListItem","position":1,"name":"Home","item":"https:\/\/rdvcanada.ca\/en\/"},{"@type":"ListItem","position":2,"name":"Cr\u00e9er avec le Canada","item":"https:\/\/rdvcanada.ca\/fr\/creer-avec-le-canada\/"},{"@type":"ListItem","position":3,"name":"Avantages et outils"}]},{"@type":"WebSite","@id":"https:\/\/rdvcanada.ca\/en\/#website","url":"https:\/\/rdvcanada.ca\/en\/","name":"RDVCanada.ca","description":"VOIR GRAND. D\u00e9couvrez le meilleur du talent Canadien \u00e0 travers le monde.","potentialAction":[{"@type":"SearchAction","target":{"@type":"EntryPoint","urlTemplate":"https:\/\/rdvcanada.ca\/en\/?s={search_term_string}"},"query-input":{"@type":"PropertyValueSpecification","valueRequired":true,"valueName":"search_term_string"}}],"inLanguage":"fr-CA"}]}},"_links":{"self":[{"href":"https:\/\/rdvcanada.ca\/fr\/wp-json\/wp\/v2\/pages\/99489","targetHints":{"allow":["GET"]}}],"collection":[{"href":"https:\/\/rdvcanada.ca\/fr\/wp-json\/wp\/v2\/pages"}],"about":[{"href":"https:\/\/rdvcanada.ca\/fr\/wp-json\/wp\/v2\/types\/page"}],"author":[{"embeddable":true,"href":"https:\/\/rdvcanada.ca\/fr\/wp-json\/wp\/v2\/users\/1"}],"replies":[{"embeddable":true,"href":"https:\/\/rdvcanada.ca\/fr\/wp-json\/wp\/v2\/comments?post=99489"}],"version-history":[{"count":0,"href":"https:\/\/rdvcanada.ca\/fr\/wp-json\/wp\/v2\/pages\/99489\/revisions"}],"up":[{"embeddable":true,"href":"https:\/\/rdvcanada.ca\/fr\/wp-json\/wp\/v2\/pages\/99459"}],"wp:attachment":[{"href":"https:\/\/rdvcanada.ca\/fr\/wp-json\/wp\/v2\/media?parent=99489"}],"curies":[{"name":"wp","href":"https:\/\/api.w.org\/{rel}","templated":true}]}}