{"id":5059,"date":"2018-02-01T16:05:21","date_gmt":"2018-02-01T21:05:21","guid":{"rendered":"https:\/\/rdvcanada.ca\/faire-affaire-avec-le-canada\/trouver-des-partenaires-creatifs\/projects\/"},"modified":"2025-05-26T14:37:46","modified_gmt":"2025-05-26T18:37:46","slug":"projets-en-developpement","status":"publish","type":"page","link":"https:\/\/rdvcanada.ca\/fr\/repertoires\/projets-en-developpement\/","title":{"rendered":"Projets de coproduction en cours"},"content":{"rendered":"","protected":false},"excerpt":{"rendered":"","protected":false},"author":1,"featured_media":0,"parent":4933,"menu_order":0,"comment_status":"closed","ping_status":"closed","template":"page-projects.php","meta":{"_acf_changed":false,"_crdt_document":"","footnotes":""},"class_list":["post-5059","page","type-page","status-publish","hentry"],"acf":[],"yoast_head":"<!-- This site is optimized with the Yoast SEO plugin v27.3 - https:\/\/yoast.com\/product\/yoast-seo-wordpress\/ -->\n<title>R\u00e9pertoire de coproductions canadiennes - RDVCanada.ca<\/title>\n<meta name=\"description\" content=\"Consultez notre r\u00e9pertoire de producteurs et de compagnies canadiennes et d\u00e9couvrez leurs projets en d\u00e9veloppement.\" \/>\n<meta name=\"robots\" content=\"index, follow, max-snippet:-1, max-image-preview:large, max-video-preview:-1\" \/>\n<link rel=\"canonical\" href=\"https:\/\/rdvcanada.ca\/fr\/repertoires\/projets-en-developpement\/\" \/>\n<meta property=\"og:locale\" content=\"fr_CA\" \/>\n<meta property=\"og:type\" content=\"article\" \/>\n<meta property=\"og:title\" content=\"R\u00e9pertoire de coproductions canadiennes - RDVCanada.ca\" \/>\n<meta property=\"og:description\" content=\"Consultez notre r\u00e9pertoire de producteurs et de compagnies canadiennes et d\u00e9couvrez leurs projets en d\u00e9veloppement.\" \/>\n<meta property=\"og:url\" content=\"https:\/\/rdvcanada.ca\/fr\/repertoires\/projets-en-developpement\/\" \/>\n<meta property=\"og:site_name\" content=\"RDVCanada.ca\" \/>\n<meta property=\"article:publisher\" content=\"https:\/\/www.facebook.com\/telefilmcanada\" \/>\n<meta property=\"article:modified_time\" content=\"2025-05-26T18:37:46+00:00\" \/>\n<meta name=\"twitter:card\" content=\"summary_large_image\" \/>\n<script type=\"application\/ld+json\" class=\"yoast-schema-graph\">{\n\t    \"@context\": \"https:\\\/\\\/schema.org\",\n\t    \"@graph\": [\n\t        {\n\t            \"@type\": \"WebPage\",\n\t            \"@id\": \"https:\\\/\\\/rdvcanada.ca\\\/fr\\\/repertoires\\\/projets-en-developpement\\\/\",\n\t            \"url\": \"https:\\\/\\\/rdvcanada.ca\\\/fr\\\/repertoires\\\/projets-en-developpement\\\/\",\n\t            \"name\": \"R\u00e9pertoire de coproductions canadiennes - RDVCanada.ca\",\n\t            \"isPartOf\": {\n\t                \"@id\": \"https:\\\/\\\/rdvcanada.ca\\\/en\\\/#website\"\n\t            },\n\t            \"datePublished\": \"2018-02-01T21:05:21+00:00\",\n\t            \"dateModified\": \"2025-05-26T18:37:46+00:00\",\n\t            \"description\": \"Consultez notre r\u00e9pertoire de producteurs et de compagnies canadiennes et d\u00e9couvrez leurs projets en d\u00e9veloppement.\",\n\t            \"breadcrumb\": {\n\t                \"@id\": \"https:\\\/\\\/rdvcanada.ca\\\/fr\\\/repertoires\\\/projets-en-developpement\\\/#breadcrumb\"\n\t            },\n\t            \"inLanguage\": \"fr-CA\",\n\t            \"potentialAction\": [\n\t                {\n\t                    \"@type\": \"ReadAction\",\n\t                    \"target\": [\n\t                        \"https:\\\/\\\/rdvcanada.ca\\\/fr\\\/repertoires\\\/projets-en-developpement\\\/\"\n\t                    ]\n\t                }\n\t            ]\n\t        },\n\t        {\n\t            \"@type\": \"BreadcrumbList\",\n\t            \"@id\": \"https:\\\/\\\/rdvcanada.ca\\\/fr\\\/repertoires\\\/projets-en-developpement\\\/#breadcrumb\",\n\t            \"itemListElement\": [\n\t                {\n\t                    \"@type\": \"ListItem\",\n\t                    \"position\": 1,\n\t                    \"name\": \"Home\",\n\t                    \"item\": \"https:\\\/\\\/rdvcanada.ca\\\/en\\\/\"\n\t                },\n\t                {\n\t                    \"@type\": \"ListItem\",\n\t                    \"position\": 2,\n\t                    \"name\": \"R\u00e9pertoires\",\n\t                    \"item\": \"https:\\\/\\\/rdvcanada.ca\\\/fr\\\/repertoires\\\/\"\n\t                },\n\t                {\n\t                    \"@type\": \"ListItem\",\n\t                    \"position\": 3,\n\t                    \"name\": \"Projets de coproduction en cours\"\n\t                }\n\t            ]\n\t        },\n\t        {\n\t            \"@type\": \"WebSite\",\n\t            \"@id\": \"https:\\\/\\\/rdvcanada.ca\\\/en\\\/#website\",\n\t            \"url\": \"https:\\\/\\\/rdvcanada.ca\\\/en\\\/\",\n\t            \"name\": \"RDVCanada.ca\",\n\t            \"description\": \"VOIR GRAND. D\u00e9couvrez le meilleur du talent Canadien \u00e0 travers le monde.\",\n\t            \"potentialAction\": [\n\t                {\n\t                    \"@type\": \"SearchAction\",\n\t                    \"target\": {\n\t                        \"@type\": \"EntryPoint\",\n\t                        \"urlTemplate\": \"https:\\\/\\\/rdvcanada.ca\\\/en\\\/?s={search_term_string}\"\n\t                    },\n\t                    \"query-input\": {\n\t                        \"@type\": \"PropertyValueSpecification\",\n\t                        \"valueRequired\": true,\n\t                        \"valueName\": \"search_term_string\"\n\t                    }\n\t                }\n\t            ],\n\t            \"inLanguage\": \"fr-CA\"\n\t        }\n\t    ]\n\t}<\/script>\n<!-- \/ Yoast SEO plugin. -->","yoast_head_json":{"title":"R\u00e9pertoire de coproductions canadiennes - RDVCanada.ca","description":"Consultez notre r\u00e9pertoire de producteurs et de compagnies canadiennes et d\u00e9couvrez leurs projets en d\u00e9veloppement.","robots":{"index":"index","follow":"follow","max-snippet":"max-snippet:-1","max-image-preview":"max-image-preview:large","max-video-preview":"max-video-preview:-1"},"canonical":"https:\/\/rdvcanada.ca\/fr\/repertoires\/projets-en-developpement\/","og_locale":"fr_CA","og_type":"article","og_title":"R\u00e9pertoire de coproductions canadiennes - RDVCanada.ca","og_description":"Consultez notre r\u00e9pertoire de producteurs et de compagnies canadiennes et d\u00e9couvrez leurs projets en d\u00e9veloppement.","og_url":"https:\/\/rdvcanada.ca\/fr\/repertoires\/projets-en-developpement\/","og_site_name":"RDVCanada.ca","article_publisher":"https:\/\/www.facebook.com\/telefilmcanada","article_modified_time":"2025-05-26T18:37:46+00:00","twitter_card":"summary_large_image","schema":{"@context":"https:\/\/schema.org","@graph":[{"@type":"WebPage","@id":"https:\/\/rdvcanada.ca\/fr\/repertoires\/projets-en-developpement\/","url":"https:\/\/rdvcanada.ca\/fr\/repertoires\/projets-en-developpement\/","name":"R\u00e9pertoire de coproductions canadiennes - RDVCanada.ca","isPartOf":{"@id":"https:\/\/rdvcanada.ca\/en\/#website"},"datePublished":"2018-02-01T21:05:21+00:00","dateModified":"2025-05-26T18:37:46+00:00","description":"Consultez notre r\u00e9pertoire de producteurs et de compagnies canadiennes et d\u00e9couvrez leurs projets en d\u00e9veloppement.","breadcrumb":{"@id":"https:\/\/rdvcanada.ca\/fr\/repertoires\/projets-en-developpement\/#breadcrumb"},"inLanguage":"fr-CA","potentialAction":[{"@type":"ReadAction","target":["https:\/\/rdvcanada.ca\/fr\/repertoires\/projets-en-developpement\/"]}]},{"@type":"BreadcrumbList","@id":"https:\/\/rdvcanada.ca\/fr\/repertoires\/projets-en-developpement\/#breadcrumb","itemListElement":[{"@type":"ListItem","position":1,"name":"Home","item":"https:\/\/rdvcanada.ca\/en\/"},{"@type":"ListItem","position":2,"name":"R\u00e9pertoires","item":"https:\/\/rdvcanada.ca\/fr\/repertoires\/"},{"@type":"ListItem","position":3,"name":"Projets de coproduction en cours"}]},{"@type":"WebSite","@id":"https:\/\/rdvcanada.ca\/en\/#website","url":"https:\/\/rdvcanada.ca\/en\/","name":"RDVCanada.ca","description":"VOIR GRAND. D\u00e9couvrez le meilleur du talent Canadien \u00e0 travers le monde.","potentialAction":[{"@type":"SearchAction","target":{"@type":"EntryPoint","urlTemplate":"https:\/\/rdvcanada.ca\/en\/?s={search_term_string}"},"query-input":{"@type":"PropertyValueSpecification","valueRequired":true,"valueName":"search_term_string"}}],"inLanguage":"fr-CA"}]}},"_links":{"self":[{"href":"https:\/\/rdvcanada.ca\/fr\/wp-json\/wp\/v2\/pages\/5059","targetHints":{"allow":["GET"]}}],"collection":[{"href":"https:\/\/rdvcanada.ca\/fr\/wp-json\/wp\/v2\/pages"}],"about":[{"href":"https:\/\/rdvcanada.ca\/fr\/wp-json\/wp\/v2\/types\/page"}],"author":[{"embeddable":true,"href":"https:\/\/rdvcanada.ca\/fr\/wp-json\/wp\/v2\/users\/1"}],"replies":[{"embeddable":true,"href":"https:\/\/rdvcanada.ca\/fr\/wp-json\/wp\/v2\/comments?post=5059"}],"version-history":[{"count":0,"href":"https:\/\/rdvcanada.ca\/fr\/wp-json\/wp\/v2\/pages\/5059\/revisions"}],"up":[{"embeddable":true,"href":"https:\/\/rdvcanada.ca\/fr\/wp-json\/wp\/v2\/pages\/4933"}],"wp:attachment":[{"href":"https:\/\/rdvcanada.ca\/fr\/wp-json\/wp\/v2\/media?parent=5059"}],"curies":[{"name":"wp","href":"https:\/\/api.w.org\/{rel}","templated":true}]}}