{"id":1921,"date":"2017-11-29T15:50:35","date_gmt":"2017-11-29T20:50:35","guid":{"rendered":"https:\/\/rdvcanada.ca\/submission-terms\/"},"modified":"2017-11-29T16:12:01","modified_gmt":"2017-11-29T21:12:01","slug":"soumission-de-contenu","status":"publish","type":"page","link":"https:\/\/rdvcanada.ca\/fr\/espace-client\/soumission-de-contenu\/","title":{"rendered":"Soumission de contenu"},"content":{"rendered":"\t\t<div data-elementor-type=\"wp-post\" data-elementor-id=\"1921\" class=\"elementor elementor-1921 elementor-1913 elementor-bc-flex-widget\" data-elementor-post-type=\"page\">\n\t\t\t\t\t\t<section class=\"elementor-section elementor-top-section elementor-element elementor-element-7e3a9214 elementor-section-full_width banner elementor-section-height-default elementor-section-height-default\" data-id=\"7e3a9214\" data-element_type=\"section\" data-e-type=\"section\" data-settings=\"{&quot;background_background&quot;:&quot;classic&quot;}\">\n\t\t\t\t\t\t<div class=\"elementor-container elementor-column-gap-default\">\n\t\t\t\t\t<div class=\"elementor-column elementor-col-100 elementor-top-column elementor-element elementor-element-7274e6f7\" data-id=\"7274e6f7\" data-element_type=\"column\" data-e-type=\"column\" data-settings=\"{&quot;background_background&quot;:&quot;classic&quot;}\">\n\t\t\t<div class=\"elementor-widget-wrap elementor-element-populated\">\n\t\t\t\t\t\t<div class=\"elementor-element elementor-element-3d435a4 banner elementor-widget elementor-widget-heading\" data-id=\"3d435a4\" data-element_type=\"widget\" data-e-type=\"widget\" data-widget_type=\"heading.default\">\n\t\t\t\t<div class=\"elementor-widget-container\">\n\t\t\t\t\t<h1 class=\"elementor-heading-title elementor-size-default\" id=\"soumission-de-contenu\">soumission de contenu<\/h1>\t\t\t\t<\/div>\n\t\t\t\t<\/div>\n\t\t\t\t\t<\/div>\n\t\t<\/div>\n\t\t\t\t\t<\/div>\n\t\t<\/section>\n\t\t\t\t<section class=\"elementor-section elementor-top-section elementor-element elementor-element-11035206 leave-bg container-white-top elementor-section-boxed elementor-section-height-default elementor-section-height-default\" data-id=\"11035206\" data-element_type=\"section\" data-e-type=\"section\">\n\t\t\t\t\t\t<div class=\"elementor-container elementor-column-gap-default\">\n\t\t\t\t\t<div class=\"elementor-column elementor-col-100 elementor-top-column elementor-element elementor-element-1e83242a\" data-id=\"1e83242a\" data-element_type=\"column\" data-e-type=\"column\">\n\t\t\t<div class=\"elementor-widget-wrap elementor-element-populated\">\n\t\t\t\t\t\t<div class=\"elementor-element elementor-element-6336cdc2 elementor-widget elementor-widget-spacer\" data-id=\"6336cdc2\" data-element_type=\"widget\" data-e-type=\"widget\" data-widget_type=\"spacer.default\">\n\t\t\t\t<div class=\"elementor-widget-container\">\n\t\t\t\t\t\t\t<div class=\"elementor-spacer\">\n\t\t\t<div class=\"elementor-spacer-inner\"><\/div>\n\t\t<\/div>\n\t\t\t\t\t\t<\/div>\n\t\t\t\t<\/div>\n\t\t\t\t\t<\/div>\n\t\t<\/div>\n\t\t\t\t\t<\/div>\n\t\t<\/section>\n\t\t\t\t<section class=\"elementor-section elementor-top-section elementor-element elementor-element-58a5395e elementor-section-boxed elementor-section-height-default elementor-section-height-default\" data-id=\"58a5395e\" data-element_type=\"section\" data-e-type=\"section\">\n\t\t\t\t\t\t<div class=\"elementor-container elementor-column-gap-default\">\n\t\t\t\t\t<div class=\"elementor-column elementor-col-100 elementor-top-column elementor-element elementor-element-540c3d34\" data-id=\"540c3d34\" data-element_type=\"column\" data-e-type=\"column\">\n\t\t\t<div class=\"elementor-widget-wrap elementor-element-populated\">\n\t\t\t\t\t\t<div class=\"elementor-element elementor-element-6bdc3799 elementor-widget elementor-widget-text-editor\" data-id=\"6bdc3799\" data-element_type=\"widget\" data-e-type=\"widget\" data-widget_type=\"text-editor.default\">\n\t\t\t\t<div class=\"elementor-widget-container\">\n\t\t\t\t\t\t\t\t\t<p><strong>\u00c9nonc\u00e9 de collecte de renseignements personnels \u2013 cr\u00e9ation de compte et soumission de contenu sur RDV CANADA<\/strong><\/p><p>Afin de compl\u00e9ter votre fiche sur RDV CANADA (ci-apr\u00e8s la \u00ab\u00a0Plateforme\u00a0\u00bb), nous devons obtenir certains renseignements personnels \u00e0 votre sujet. Le pr\u00e9sent \u00e9nonc\u00e9 explique pourquoi ces renseignements sont n\u00e9cessaires et \u00e0 quoi ils serviront.<\/p><p><strong>Affichage de votre profil sur la Plateforme<\/strong><\/p><p>Les renseignements personnels sont recueillis afin d\u2019afficher votre profil ainsi que vos r\u00e9alisations, projets et partenariats sur la Plateforme. Ces renseignements peuvent comprendre votre nom, votre poste, votre adresse de courriel, votre ville de r\u00e9sidence, votre num\u00e9ro de t\u00e9l\u00e9phone et votre image. Le nom, la filmographie, de m\u00eame que d&#8217;autres donn\u00e9es personnelles relatives aux membres du personnel cr\u00e9atif impliqu\u00e9 dans les projets que vous soumettez sur la Plateforme peuvent aussi \u00eatre inclus, le cas \u00e9ch\u00e9ant.<\/p><p>La cueillette et l\u2019usage fait des renseignements personnels sont conformes aux dispositions de la Loi sur la protection des renseignements personnels et sont en lien avec la mission de T\u00e9l\u00e9film Canada telle que sp\u00e9cifi\u00e9e \u00e0 l\u2019article 10 de la Loi sur T\u00e9l\u00e9film Canada. Ces renseignements seront publi\u00e9s sur la Plateforme et peuvent \u00eatre utilis\u00e9s \u00e0 des fins promotionnelles ainsi qu\u2019\u00e0 fins d\u2019\u00e9valuation, de compilation de statistiques et d\u2019\u00e9tablissement de rapports. Ces informations sont vers\u00e9es dans les fichiers de renseignements personnels Communications publiques (POU 914) et Activit\u00e9s de sensibilisation (POU938).<\/p><p>Dans le cadre de communications par courriel, lesdits renseignements personnels transiteront par la plateforme Microsoft Office 365, laquelle permet le traitement et l\u2019h\u00e9bergement de l\u2019information au nom de T\u00e9l\u00e9film Canada. Il est \u00e0 noter que ces renseignements pourraient \u00eatre trait\u00e9s et\/ou h\u00e9berg\u00e9s \u00e0 l\u2019ext\u00e9rieur du Canada en conformit\u00e9 avec les politiques de ce fournisseur de services disponibles au(x) <a href=\"https:\/\/www.microsoft.com\/online\/legal\/v2\/?langid=fr-fr&amp;docid=30\" target=\"_blank\" rel=\"noopener\">lien(s) suivant(s) <\/a>.<\/p><p><strong>Demande d\u2019informations sur la vie priv\u00e9e <\/strong><\/p><p>Si vous avez une question, un commentaire, une pr\u00e9occupation ou une plainte au sujet de l\u2019application de la Loi sur la protection des renseignements personnels et des politiques connexes, veuillez communiquer avec le coordonnateur de la protection des renseignements personnels de T\u00e9l\u00e9film Canada par courriel \u00e0 ATIP-AIPRP@telefilm.ca, par t\u00e9l\u00e9phone au (514) 283-6363 ou (800)567-0890, par t\u00e9l\u00e9copieur au (514) 283-8447, ou en \u00e9crivant \u00e0 :<\/p><p>Coordonnateur de l\u2019acc\u00e8s \u00e0 l\u2019information et de la protection des renseignements personnels<br \/>T\u00e9l\u00e9film Canada<br \/>360, rue Saint-Jacques,<br \/>bureau 600<br \/>Montr\u00e9al (Qu\u00e9bec) H2Y 1P5<\/p><p>Si vous n\u2019\u00eates pas satisfait(e) de notre r\u00e9ponse \u00e0 l\u2019\u00e9gard de vos pr\u00e9occupations au sujet de la protection de vos renseignements personnels, vous pouvez communiquer avec le Commissariat \u00e0 la protection de la vie priv\u00e9e du Canada par courriel, \u00e0 : info@priv.gc.ca ou par t\u00e9l\u00e9phone, au (800) 282-1376.<\/p>\t\t\t\t\t\t\t\t<\/div>\n\t\t\t\t<\/div>\n\t\t\t\t\t<\/div>\n\t\t<\/div>\n\t\t\t\t\t<\/div>\n\t\t<\/section>\n\t\t\t\t<\/div>\n\t\t","protected":false},"excerpt":{"rendered":"<p>&nbsp; soumission de contenu \u00c9nonc\u00e9 de collecte de renseignements personnels \u2013 cr\u00e9ation de compte et soumission de contenu sur RDV CANADA Afin de compl\u00e9ter votre fiche sur RDV CANADA (ci-apr\u00e8s la \u00ab\u00a0Plateforme\u00a0\u00bb), nous devons obtenir certains renseignements personnels \u00e0 votre sujet. Le pr\u00e9sent \u00e9nonc\u00e9 explique pourquoi ces renseignements sont n\u00e9cessaires et \u00e0 quoi ils serviront&#8230;.<\/p>\n","protected":false},"author":1,"featured_media":0,"parent":983,"menu_order":0,"comment_status":"closed","ping_status":"closed","template":"","meta":{"_acf_changed":false,"_crdt_document":"","footnotes":""},"class_list":["post-1921","page","type-page","status-publish","hentry"],"acf":[],"yoast_head":"<!-- This site is optimized with the Yoast SEO plugin v27.4 - https:\/\/yoast.com\/product\/yoast-seo-wordpress\/ -->\n<title>Soumission de contenu - RDVCanada.ca<\/title>\n<meta name=\"robots\" content=\"index, follow, max-snippet:-1, max-image-preview:large, max-video-preview:-1\" \/>\n<link rel=\"canonical\" href=\"https:\/\/rdvcanada.ca\/fr\/espace-client\/soumission-de-contenu\/\" \/>\n<meta property=\"og:locale\" content=\"fr_CA\" \/>\n<meta property=\"og:type\" content=\"article\" \/>\n<meta property=\"og:title\" content=\"Soumission de contenu - RDVCanada.ca\" \/>\n<meta property=\"og:description\" content=\"&nbsp; soumission de contenu \u00c9nonc\u00e9 de collecte de renseignements personnels \u2013 cr\u00e9ation de compte et soumission de contenu sur RDV CANADA Afin de compl\u00e9ter votre fiche sur RDV CANADA (ci-apr\u00e8s la \u00ab\u00a0Plateforme\u00a0\u00bb), nous devons obtenir certains renseignements personnels \u00e0 votre sujet. Le pr\u00e9sent \u00e9nonc\u00e9 explique pourquoi ces renseignements sont n\u00e9cessaires et \u00e0 quoi ils serviront....\" \/>\n<meta property=\"og:url\" content=\"https:\/\/rdvcanada.ca\/fr\/espace-client\/soumission-de-contenu\/\" \/>\n<meta property=\"og:site_name\" content=\"RDVCanada.ca\" \/>\n<meta property=\"article:publisher\" content=\"https:\/\/www.facebook.com\/telefilmcanada\" \/>\n<meta property=\"article:modified_time\" content=\"2017-11-29T21:12:01+00:00\" \/>\n<meta name=\"twitter:card\" content=\"summary_large_image\" \/>\n<meta name=\"twitter:label1\" content=\"Estimation du temps de lecture\" \/>\n\t<meta name=\"twitter:data1\" content=\"2 minutes\" \/>\n<script type=\"application\/ld+json\" class=\"yoast-schema-graph\">{\n\t    \"@context\": \"https:\\\/\\\/schema.org\",\n\t    \"@graph\": [\n\t        {\n\t            \"@type\": \"WebPage\",\n\t            \"@id\": \"https:\\\/\\\/rdvcanada.ca\\\/fr\\\/espace-client\\\/soumission-de-contenu\\\/\",\n\t            \"url\": \"https:\\\/\\\/rdvcanada.ca\\\/fr\\\/espace-client\\\/soumission-de-contenu\\\/\",\n\t            \"name\": \"Soumission de contenu - RDVCanada.ca\",\n\t            \"isPartOf\": {\n\t                \"@id\": \"https:\\\/\\\/rdvcanada.ca\\\/en\\\/#website\"\n\t            },\n\t            \"datePublished\": \"2017-11-29T20:50:35+00:00\",\n\t            \"dateModified\": \"2017-11-29T21:12:01+00:00\",\n\t            \"breadcrumb\": {\n\t                \"@id\": \"https:\\\/\\\/rdvcanada.ca\\\/fr\\\/espace-client\\\/soumission-de-contenu\\\/#breadcrumb\"\n\t            },\n\t            \"inLanguage\": \"fr-CA\",\n\t            \"potentialAction\": [\n\t                {\n\t                    \"@type\": \"ReadAction\",\n\t                    \"target\": [\n\t                        \"https:\\\/\\\/rdvcanada.ca\\\/fr\\\/espace-client\\\/soumission-de-contenu\\\/\"\n\t                    ]\n\t                }\n\t            ]\n\t        },\n\t        {\n\t            \"@type\": \"BreadcrumbList\",\n\t            \"@id\": \"https:\\\/\\\/rdvcanada.ca\\\/fr\\\/espace-client\\\/soumission-de-contenu\\\/#breadcrumb\",\n\t            \"itemListElement\": [\n\t                {\n\t                    \"@type\": \"ListItem\",\n\t                    \"position\": 1,\n\t                    \"name\": \"Home\",\n\t                    \"item\": \"https:\\\/\\\/rdvcanada.ca\\\/en\\\/\"\n\t                },\n\t                {\n\t                    \"@type\": \"ListItem\",\n\t                    \"position\": 2,\n\t                    \"name\": \"Espace Client\",\n\t                    \"item\": \"https:\\\/\\\/rdvcanada.ca\\\/fr\\\/espace-client\\\/\"\n\t                },\n\t                {\n\t                    \"@type\": \"ListItem\",\n\t                    \"position\": 3,\n\t                    \"name\": \"Soumission de contenu\"\n\t                }\n\t            ]\n\t        },\n\t        {\n\t            \"@type\": \"WebSite\",\n\t            \"@id\": \"https:\\\/\\\/rdvcanada.ca\\\/en\\\/#website\",\n\t            \"url\": \"https:\\\/\\\/rdvcanada.ca\\\/en\\\/\",\n\t            \"name\": \"RDVCanada.ca\",\n\t            \"description\": \"VOIR GRAND. D\u00e9couvrez le meilleur du talent Canadien \u00e0 travers le monde.\",\n\t            \"potentialAction\": [\n\t                {\n\t                    \"@type\": \"SearchAction\",\n\t                    \"target\": {\n\t                        \"@type\": \"EntryPoint\",\n\t                        \"urlTemplate\": \"https:\\\/\\\/rdvcanada.ca\\\/en\\\/?s={search_term_string}\"\n\t                    },\n\t                    \"query-input\": {\n\t                        \"@type\": \"PropertyValueSpecification\",\n\t                        \"valueRequired\": true,\n\t                        \"valueName\": \"search_term_string\"\n\t                    }\n\t                }\n\t            ],\n\t            \"inLanguage\": \"fr-CA\"\n\t        }\n\t    ]\n\t}<\/script>\n<!-- \/ Yoast SEO plugin. -->","yoast_head_json":{"title":"Soumission de contenu - RDVCanada.ca","robots":{"index":"index","follow":"follow","max-snippet":"max-snippet:-1","max-image-preview":"max-image-preview:large","max-video-preview":"max-video-preview:-1"},"canonical":"https:\/\/rdvcanada.ca\/fr\/espace-client\/soumission-de-contenu\/","og_locale":"fr_CA","og_type":"article","og_title":"Soumission de contenu - RDVCanada.ca","og_description":"&nbsp; soumission de contenu \u00c9nonc\u00e9 de collecte de renseignements personnels \u2013 cr\u00e9ation de compte et soumission de contenu sur RDV CANADA Afin de compl\u00e9ter votre fiche sur RDV CANADA (ci-apr\u00e8s la \u00ab\u00a0Plateforme\u00a0\u00bb), nous devons obtenir certains renseignements personnels \u00e0 votre sujet. Le pr\u00e9sent \u00e9nonc\u00e9 explique pourquoi ces renseignements sont n\u00e9cessaires et \u00e0 quoi ils serviront....","og_url":"https:\/\/rdvcanada.ca\/fr\/espace-client\/soumission-de-contenu\/","og_site_name":"RDVCanada.ca","article_publisher":"https:\/\/www.facebook.com\/telefilmcanada","article_modified_time":"2017-11-29T21:12:01+00:00","twitter_card":"summary_large_image","twitter_misc":{"Estimation du temps de lecture":"2 minutes"},"schema":{"@context":"https:\/\/schema.org","@graph":[{"@type":"WebPage","@id":"https:\/\/rdvcanada.ca\/fr\/espace-client\/soumission-de-contenu\/","url":"https:\/\/rdvcanada.ca\/fr\/espace-client\/soumission-de-contenu\/","name":"Soumission de contenu - RDVCanada.ca","isPartOf":{"@id":"https:\/\/rdvcanada.ca\/en\/#website"},"datePublished":"2017-11-29T20:50:35+00:00","dateModified":"2017-11-29T21:12:01+00:00","breadcrumb":{"@id":"https:\/\/rdvcanada.ca\/fr\/espace-client\/soumission-de-contenu\/#breadcrumb"},"inLanguage":"fr-CA","potentialAction":[{"@type":"ReadAction","target":["https:\/\/rdvcanada.ca\/fr\/espace-client\/soumission-de-contenu\/"]}]},{"@type":"BreadcrumbList","@id":"https:\/\/rdvcanada.ca\/fr\/espace-client\/soumission-de-contenu\/#breadcrumb","itemListElement":[{"@type":"ListItem","position":1,"name":"Home","item":"https:\/\/rdvcanada.ca\/en\/"},{"@type":"ListItem","position":2,"name":"Espace Client","item":"https:\/\/rdvcanada.ca\/fr\/espace-client\/"},{"@type":"ListItem","position":3,"name":"Soumission de contenu"}]},{"@type":"WebSite","@id":"https:\/\/rdvcanada.ca\/en\/#website","url":"https:\/\/rdvcanada.ca\/en\/","name":"RDVCanada.ca","description":"VOIR GRAND. D\u00e9couvrez le meilleur du talent Canadien \u00e0 travers le monde.","potentialAction":[{"@type":"SearchAction","target":{"@type":"EntryPoint","urlTemplate":"https:\/\/rdvcanada.ca\/en\/?s={search_term_string}"},"query-input":{"@type":"PropertyValueSpecification","valueRequired":true,"valueName":"search_term_string"}}],"inLanguage":"fr-CA"}]}},"_links":{"self":[{"href":"https:\/\/rdvcanada.ca\/fr\/wp-json\/wp\/v2\/pages\/1921","targetHints":{"allow":["GET"]}}],"collection":[{"href":"https:\/\/rdvcanada.ca\/fr\/wp-json\/wp\/v2\/pages"}],"about":[{"href":"https:\/\/rdvcanada.ca\/fr\/wp-json\/wp\/v2\/types\/page"}],"author":[{"embeddable":true,"href":"https:\/\/rdvcanada.ca\/fr\/wp-json\/wp\/v2\/users\/1"}],"replies":[{"embeddable":true,"href":"https:\/\/rdvcanada.ca\/fr\/wp-json\/wp\/v2\/comments?post=1921"}],"version-history":[{"count":0,"href":"https:\/\/rdvcanada.ca\/fr\/wp-json\/wp\/v2\/pages\/1921\/revisions"}],"up":[{"embeddable":true,"href":"https:\/\/rdvcanada.ca\/fr\/wp-json\/wp\/v2\/pages\/983"}],"wp:attachment":[{"href":"https:\/\/rdvcanada.ca\/fr\/wp-json\/wp\/v2\/media?parent=1921"}],"curies":[{"name":"wp","href":"https:\/\/api.w.org\/{rel}","templated":true}]}}