{"id":1641,"date":"2017-11-21T10:07:01","date_gmt":"2017-11-21T15:07:01","guid":{"rendered":"https:\/\/rdvcanada.ca\/inscription-a-linfolettre\/subscription-confirmation\/"},"modified":"2021-04-08T13:33:13","modified_gmt":"2021-04-08T17:33:13","slug":"confirmation-inscription","status":"publish","type":"page","link":"https:\/\/rdvcanada.ca\/fr\/inscription-a-linfolettre\/confirmation-inscription\/","title":{"rendered":"Confirmation inscription"},"content":{"rendered":"\t\t<div data-elementor-type=\"wp-post\" data-elementor-id=\"1641\" class=\"elementor elementor-1641 elementor-1638\" data-elementor-post-type=\"page\">\n\t\t\t\t\t\t<section class=\"elementor-section elementor-top-section elementor-element elementor-element-69dec690 elementor-section-full_width banner elementor-section-height-default elementor-section-height-default\" data-id=\"69dec690\" data-element_type=\"section\" data-e-type=\"section\" data-settings=\"{&quot;background_background&quot;:&quot;classic&quot;}\">\n\t\t\t\t\t\t<div class=\"elementor-container elementor-column-gap-default\">\n\t\t\t\t\t<div class=\"elementor-column elementor-col-100 elementor-top-column elementor-element elementor-element-7912526b\" data-id=\"7912526b\" data-element_type=\"column\" data-e-type=\"column\" data-settings=\"{&quot;background_background&quot;:&quot;classic&quot;}\">\n\t\t\t<div class=\"elementor-widget-wrap elementor-element-populated\">\n\t\t\t\t\t\t<div class=\"elementor-element elementor-element-f6ad952 banner elementor-widget elementor-widget-heading\" data-id=\"f6ad952\" data-element_type=\"widget\" data-e-type=\"widget\" data-widget_type=\"heading.default\">\n\t\t\t\t<div class=\"elementor-widget-container\">\n\t\t\t\t\t<h1 class=\"elementor-heading-title elementor-size-default\" id=\"confirmation-dinscription\">Confirmation d'inscription<\/h1>\t\t\t\t<\/div>\n\t\t\t\t<\/div>\n\t\t\t\t\t<\/div>\n\t\t<\/div>\n\t\t\t\t\t<\/div>\n\t\t<\/section>\n\t\t\t\t<section class=\"elementor-section elementor-top-section elementor-element elementor-element-19cf5f3 leave-bg container-white-top elementor-section-boxed elementor-section-height-default elementor-section-height-default\" data-id=\"19cf5f3\" data-element_type=\"section\" data-e-type=\"section\">\n\t\t\t\t\t\t<div class=\"elementor-container elementor-column-gap-default\">\n\t\t\t\t\t<div class=\"elementor-column elementor-col-100 elementor-top-column elementor-element elementor-element-e8b6cf8\" data-id=\"e8b6cf8\" data-element_type=\"column\" data-e-type=\"column\">\n\t\t\t<div class=\"elementor-widget-wrap elementor-element-populated\">\n\t\t\t\t\t\t<div class=\"elementor-element elementor-element-74b0157e elementor-widget elementor-widget-spacer\" data-id=\"74b0157e\" data-element_type=\"widget\" data-e-type=\"widget\" data-widget_type=\"spacer.default\">\n\t\t\t\t<div class=\"elementor-widget-container\">\n\t\t\t\t\t\t\t<div class=\"elementor-spacer\">\n\t\t\t<div class=\"elementor-spacer-inner\"><\/div>\n\t\t<\/div>\n\t\t\t\t\t\t<\/div>\n\t\t\t\t<\/div>\n\t\t\t\t\t<\/div>\n\t\t<\/div>\n\t\t\t\t\t<\/div>\n\t\t<\/section>\n\t\t\t\t<section class=\"elementor-section elementor-top-section elementor-element elementor-element-312d5535 elementor-section-boxed elementor-section-height-default elementor-section-height-default\" data-id=\"312d5535\" data-element_type=\"section\" data-e-type=\"section\">\n\t\t\t\t\t\t<div class=\"elementor-container elementor-column-gap-default\">\n\t\t\t\t\t<div class=\"elementor-column elementor-col-100 elementor-top-column elementor-element elementor-element-1b268359\" data-id=\"1b268359\" data-element_type=\"column\" data-e-type=\"column\">\n\t\t\t<div class=\"elementor-widget-wrap elementor-element-populated\">\n\t\t\t\t\t\t<div class=\"elementor-element elementor-element-13b6b40 elementor-widget elementor-widget-heading\" data-id=\"13b6b40\" data-element_type=\"widget\" data-e-type=\"widget\" data-widget_type=\"heading.default\">\n\t\t\t\t<div class=\"elementor-widget-container\">\n\t\t\t\t\t<h2 class=\"elementor-heading-title elementor-size-xl\" id=\"vous-etes-maintenant-abonne\">Vous \u00eates maintenant abonn\u00e9!<\/h2>\t\t\t\t<\/div>\n\t\t\t\t<\/div>\n\t\t\t\t<div class=\"elementor-element elementor-element-48b05c0d elementor-widget elementor-widget-text-editor\" data-id=\"48b05c0d\" data-element_type=\"widget\" data-e-type=\"widget\" data-widget_type=\"text-editor.default\">\n\t\t\t\t<div class=\"elementor-widget-container\">\n\t\t\t\t\t\t\t\t\t<p><strong>Merci de votre inscription \u00e0 l\u2019infolettre mensuelle RDV Canada.<\/strong><\/p><p>Des entrevues exclusives avec des Canadiens talentueux, les derni\u00e8res nouvelles des festivals et des opportunit\u00e9s pour votre prochain projet se retrouveront bient\u00f4t dans votre bo\u00eete de r\u00e9ception.<\/p>\t\t\t\t\t\t\t\t<\/div>\n\t\t\t\t<\/div>\n\t\t\t\t<div class=\"elementor-element elementor-element-7a5e776 elementor-align-center elementor-widget elementor-widget-button\" data-id=\"7a5e776\" data-element_type=\"widget\" data-e-type=\"widget\" data-widget_type=\"button.default\">\n\t\t\t\t<div class=\"elementor-widget-container\">\n\t\t\t\t\t\t\t\t\t<div class=\"elementor-button-wrapper\">\n\t\t\t\t\t<a class=\"elementor-button elementor-button-link elementor-size-md\" href=\"https:\/\/rdvcanada.ca\/fr\/\">\n\t\t\t\t\t\t<span class=\"elementor-button-content-wrapper\">\n\t\t\t\t\t\t\t\t\t<span class=\"elementor-button-text\">RETOUR \u00c0 L'ACCUEIL<\/span>\n\t\t\t\t\t<\/span>\n\t\t\t\t\t<\/a>\n\t\t\t\t<\/div>\n\t\t\t\t\t\t\t\t<\/div>\n\t\t\t\t<\/div>\n\t\t\t\t\t<\/div>\n\t\t<\/div>\n\t\t\t\t\t<\/div>\n\t\t<\/section>\n\t\t\t\t<\/div>\n\t\t","protected":false},"excerpt":{"rendered":"<p>Confirmation d&#8217;inscription Vous \u00eates maintenant abonn\u00e9! Merci de votre inscription \u00e0 l\u2019infolettre mensuelle RDV Canada. Des entrevues exclusives avec des Canadiens talentueux, les derni\u00e8res nouvelles des festivals et des opportunit\u00e9s pour votre prochain projet se retrouveront bient\u00f4t dans votre bo\u00eete de r\u00e9ception. RETOUR \u00c0 L&#8217;ACCUEIL<\/p>\n","protected":false},"author":1,"featured_media":0,"parent":1608,"menu_order":0,"comment_status":"closed","ping_status":"closed","template":"","meta":{"_acf_changed":false,"_crdt_document":"","footnotes":""},"class_list":["post-1641","page","type-page","status-publish","hentry"],"acf":[],"yoast_head":"<!-- This site is optimized with the Yoast SEO plugin v27.5 - https:\/\/yoast.com\/product\/yoast-seo-wordpress\/ -->\n<title>Confirmation inscription - RDVCanada.ca<\/title>\n<meta name=\"robots\" content=\"index, follow, max-snippet:-1, max-image-preview:large, max-video-preview:-1\" \/>\n<link rel=\"canonical\" href=\"https:\/\/rdvcanada.ca\/en\/subscribe-to-our-newsletter\/subscription-confirmation\/\" \/>\n<meta property=\"og:locale\" content=\"fr_CA\" \/>\n<meta property=\"og:type\" content=\"article\" \/>\n<meta property=\"og:title\" content=\"Confirmation inscription - RDVCanada.ca\" \/>\n<meta property=\"og:description\" content=\"Confirmation d&#8217;inscription Vous \u00eates maintenant abonn\u00e9! Merci de votre inscription \u00e0 l\u2019infolettre mensuelle RDV Canada. Des entrevues exclusives avec des Canadiens talentueux, les derni\u00e8res nouvelles des festivals et des opportunit\u00e9s pour votre prochain projet se retrouveront bient\u00f4t dans votre bo\u00eete de r\u00e9ception. RETOUR \u00c0 L&#8217;ACCUEIL\" \/>\n<meta property=\"og:url\" content=\"https:\/\/rdvcanada.ca\/en\/subscribe-to-our-newsletter\/subscription-confirmation\/\" \/>\n<meta property=\"og:site_name\" content=\"RDVCanada.ca\" \/>\n<meta property=\"article:publisher\" content=\"https:\/\/www.facebook.com\/telefilmcanada\" \/>\n<meta property=\"article:modified_time\" content=\"2021-04-08T17:33:13+00:00\" \/>\n<meta name=\"twitter:card\" content=\"summary_large_image\" \/>\n<meta name=\"twitter:label1\" content=\"Estimation du temps de lecture\" \/>\n\t<meta name=\"twitter:data1\" content=\"1 minute\" \/>\n<script type=\"application\/ld+json\" class=\"yoast-schema-graph\">{\n\t    \"@context\": \"https:\\\/\\\/schema.org\",\n\t    \"@graph\": [\n\t        {\n\t            \"@type\": \"WebPage\",\n\t            \"@id\": \"https:\\\/\\\/rdvcanada.ca\\\/en\\\/subscribe-to-our-newsletter\\\/subscription-confirmation\\\/\",\n\t            \"url\": \"https:\\\/\\\/rdvcanada.ca\\\/en\\\/subscribe-to-our-newsletter\\\/subscription-confirmation\\\/\",\n\t            \"name\": \"Confirmation inscription - RDVCanada.ca\",\n\t            \"isPartOf\": {\n\t                \"@id\": \"https:\\\/\\\/rdvcanada.ca\\\/en\\\/#website\"\n\t            },\n\t            \"datePublished\": \"2017-11-21T15:07:01+00:00\",\n\t            \"dateModified\": \"2021-04-08T17:33:13+00:00\",\n\t            \"breadcrumb\": {\n\t                \"@id\": \"https:\\\/\\\/rdvcanada.ca\\\/en\\\/subscribe-to-our-newsletter\\\/subscription-confirmation\\\/#breadcrumb\"\n\t            },\n\t            \"inLanguage\": \"fr-CA\",\n\t            \"potentialAction\": [\n\t                {\n\t                    \"@type\": \"ReadAction\",\n\t                    \"target\": [\n\t                        \"https:\\\/\\\/rdvcanada.ca\\\/en\\\/subscribe-to-our-newsletter\\\/subscription-confirmation\\\/\"\n\t                    ]\n\t                }\n\t            ]\n\t        },\n\t        {\n\t            \"@type\": \"BreadcrumbList\",\n\t            \"@id\": \"https:\\\/\\\/rdvcanada.ca\\\/en\\\/subscribe-to-our-newsletter\\\/subscription-confirmation\\\/#breadcrumb\",\n\t            \"itemListElement\": [\n\t                {\n\t                    \"@type\": \"ListItem\",\n\t                    \"position\": 1,\n\t                    \"name\": \"Home\",\n\t                    \"item\": \"https:\\\/\\\/rdvcanada.ca\\\/fr\\\/\"\n\t                },\n\t                {\n\t                    \"@type\": \"ListItem\",\n\t                    \"position\": 2,\n\t                    \"name\": \"Inscription \u00e0 l&#8217;infolettre\",\n\t                    \"item\": \"https:\\\/\\\/rdvcanada.ca\\\/en\\\/subscribe-to-our-newsletter\\\/\"\n\t                },\n\t                {\n\t                    \"@type\": \"ListItem\",\n\t                    \"position\": 3,\n\t                    \"name\": \"Confirmation inscription\"\n\t                }\n\t            ]\n\t        },\n\t        {\n\t            \"@type\": \"WebSite\",\n\t            \"@id\": \"https:\\\/\\\/rdvcanada.ca\\\/en\\\/#website\",\n\t            \"url\": \"https:\\\/\\\/rdvcanada.ca\\\/en\\\/\",\n\t            \"name\": \"RDVCanada.ca\",\n\t            \"description\": \"VOIR GRAND. D\u00e9couvrez le meilleur du talent Canadien \u00e0 travers le monde.\",\n\t            \"potentialAction\": [\n\t                {\n\t                    \"@type\": \"SearchAction\",\n\t                    \"target\": {\n\t                        \"@type\": \"EntryPoint\",\n\t                        \"urlTemplate\": \"https:\\\/\\\/rdvcanada.ca\\\/en\\\/?s={search_term_string}\"\n\t                    },\n\t                    \"query-input\": {\n\t                        \"@type\": \"PropertyValueSpecification\",\n\t                        \"valueRequired\": true,\n\t                        \"valueName\": \"search_term_string\"\n\t                    }\n\t                }\n\t            ],\n\t            \"inLanguage\": \"fr-CA\"\n\t        }\n\t    ]\n\t}<\/script>\n<!-- \/ Yoast SEO plugin. -->","yoast_head_json":{"title":"Confirmation inscription - RDVCanada.ca","robots":{"index":"index","follow":"follow","max-snippet":"max-snippet:-1","max-image-preview":"max-image-preview:large","max-video-preview":"max-video-preview:-1"},"canonical":"https:\/\/rdvcanada.ca\/en\/subscribe-to-our-newsletter\/subscription-confirmation\/","og_locale":"fr_CA","og_type":"article","og_title":"Confirmation inscription - RDVCanada.ca","og_description":"Confirmation d&#8217;inscription Vous \u00eates maintenant abonn\u00e9! Merci de votre inscription \u00e0 l\u2019infolettre mensuelle RDV Canada. Des entrevues exclusives avec des Canadiens talentueux, les derni\u00e8res nouvelles des festivals et des opportunit\u00e9s pour votre prochain projet se retrouveront bient\u00f4t dans votre bo\u00eete de r\u00e9ception. RETOUR \u00c0 L&#8217;ACCUEIL","og_url":"https:\/\/rdvcanada.ca\/en\/subscribe-to-our-newsletter\/subscription-confirmation\/","og_site_name":"RDVCanada.ca","article_publisher":"https:\/\/www.facebook.com\/telefilmcanada","article_modified_time":"2021-04-08T17:33:13+00:00","twitter_card":"summary_large_image","twitter_misc":{"Estimation du temps de lecture":"1 minute"},"schema":{"@context":"https:\/\/schema.org","@graph":[{"@type":"WebPage","@id":"https:\/\/rdvcanada.ca\/en\/subscribe-to-our-newsletter\/subscription-confirmation\/","url":"https:\/\/rdvcanada.ca\/en\/subscribe-to-our-newsletter\/subscription-confirmation\/","name":"Confirmation inscription - RDVCanada.ca","isPartOf":{"@id":"https:\/\/rdvcanada.ca\/en\/#website"},"datePublished":"2017-11-21T15:07:01+00:00","dateModified":"2021-04-08T17:33:13+00:00","breadcrumb":{"@id":"https:\/\/rdvcanada.ca\/en\/subscribe-to-our-newsletter\/subscription-confirmation\/#breadcrumb"},"inLanguage":"fr-CA","potentialAction":[{"@type":"ReadAction","target":["https:\/\/rdvcanada.ca\/en\/subscribe-to-our-newsletter\/subscription-confirmation\/"]}]},{"@type":"BreadcrumbList","@id":"https:\/\/rdvcanada.ca\/en\/subscribe-to-our-newsletter\/subscription-confirmation\/#breadcrumb","itemListElement":[{"@type":"ListItem","position":1,"name":"Home","item":"https:\/\/rdvcanada.ca\/fr\/"},{"@type":"ListItem","position":2,"name":"Inscription \u00e0 l&#8217;infolettre","item":"https:\/\/rdvcanada.ca\/en\/subscribe-to-our-newsletter\/"},{"@type":"ListItem","position":3,"name":"Confirmation inscription"}]},{"@type":"WebSite","@id":"https:\/\/rdvcanada.ca\/en\/#website","url":"https:\/\/rdvcanada.ca\/en\/","name":"RDVCanada.ca","description":"VOIR GRAND. D\u00e9couvrez le meilleur du talent Canadien \u00e0 travers le monde.","potentialAction":[{"@type":"SearchAction","target":{"@type":"EntryPoint","urlTemplate":"https:\/\/rdvcanada.ca\/en\/?s={search_term_string}"},"query-input":{"@type":"PropertyValueSpecification","valueRequired":true,"valueName":"search_term_string"}}],"inLanguage":"fr-CA"}]}},"_links":{"self":[{"href":"https:\/\/rdvcanada.ca\/fr\/wp-json\/wp\/v2\/pages\/1641","targetHints":{"allow":["GET"]}}],"collection":[{"href":"https:\/\/rdvcanada.ca\/fr\/wp-json\/wp\/v2\/pages"}],"about":[{"href":"https:\/\/rdvcanada.ca\/fr\/wp-json\/wp\/v2\/types\/page"}],"author":[{"embeddable":true,"href":"https:\/\/rdvcanada.ca\/fr\/wp-json\/wp\/v2\/users\/1"}],"replies":[{"embeddable":true,"href":"https:\/\/rdvcanada.ca\/fr\/wp-json\/wp\/v2\/comments?post=1641"}],"version-history":[{"count":0,"href":"https:\/\/rdvcanada.ca\/fr\/wp-json\/wp\/v2\/pages\/1641\/revisions"}],"up":[{"embeddable":true,"href":"https:\/\/rdvcanada.ca\/fr\/wp-json\/wp\/v2\/pages\/1608"}],"wp:attachment":[{"href":"https:\/\/rdvcanada.ca\/fr\/wp-json\/wp\/v2\/media?parent=1641"}],"curies":[{"name":"wp","href":"https:\/\/api.w.org\/{rel}","templated":true}]}}