{"id":99287,"date":"2023-12-06T11:31:02","date_gmt":"2023-12-06T16:31:02","guid":{"rendered":"https:\/\/stage.rdvcanada.ca\/?page_id=75227"},"modified":"2023-12-06T11:31:02","modified_gmt":"2023-12-06T16:31:02","slug":"production-services","status":"publish","type":"page","link":"https:\/\/rdvcanada.ca\/en\/production-services\/","title":{"rendered":"Production services"},"content":{"rendered":"\n<div class=\"wp-block-cover alignfull is-light is-style-title-banner\"><span aria-hidden=\"true\" class=\"wp-block-cover__background has-background-dim\"><\/span><img decoding=\"async\" class=\"wp-block-cover__image-background\" alt=\"\" src=\"https:\/\/stage.rdvcanada.ca\/wp-content\/themes\/tel1099010-julien\/assets\/img\/banniere.png\" data-object-fit=\"cover\" loading=\"lazy\" \/><div class=\"wp-block-cover__inner-container is-layout-flow wp-block-cover-is-layout-flow\">\n<h1 class=\"wp-block-heading wp-block-post-title\" id=\"production-services\">Production services<\/h1>\n\n\n\n<p class=\"wp-block-paragraph\">Canada believes in thinking BIG.<\/p>\n<\/div><\/div>\n\n\n<div class=\" acf-block-component alignfull alignfull act-breadcrumb-bar\" id=\"block-block_203f8f6a810a3c1de3d182ce4d8ffa72\" className=\"\">\n        <div class=\"wp-block-group alignwide act-breadcrumb-bar__container\">\n            \n            <div class=\"yoast-breadcrumbs\"><span class=\"breadcrumbs\"><a href=\"https:\/\/rdvcanada.ca\/en\/\" class=\"breadcrumbs__element\">Home<\/a> <span class=\"breadcrumbs__separator\">\n        <svg class=\"icon icon-breadcrumb__separator\"><use xlink:href=\"#icon-breadcrumb__separator\"><\/use><\/svg>\n    <\/span> <span class=\"breadcrumbs__element breadcrumbs__element-current\">Production services<\/span><\/span><\/div>\n            \n        <\/div>\n    <\/div>\n\n\n\n<p class=\"act-lead wp-block-paragraph\">Tap into our wealth of cutting-edge expertise and offerings to make your next project shine!<\/p>\n\n\n\n\n<p class=\"wp-block-paragraph\">When it comes to production services, Canada\u2019s got talent. Virtual reality, animation, special effects, sound and set design, and much more.<\/p>\n\n\n\n<p class=\"wp-block-paragraph\"><strong>No need to scour the planet for the perfect location: just dive into in Canada\u2019s diverse landscapes and dynamic locales. From breathtaking mountain ranges and seascapes to urban skylines that touch the clouds, Canada\u2019s wide open and waiting for you.<\/strong><\/p>\n\n\n\n<h2 class=\"wp-block-heading is-style-bottom-line\" id=\"professionnal-associations\">Professionnal associations<\/h2>\n\n\n\n<p class=\"wp-block-paragraph\">Local experts ready to offer you their support<\/p>\n\n\n\n<div class=\"wp-block-group is-style-grid-2 is-layout-flow wp-block-group-is-layout-flow\">\n<div class=\" acf-block-component align act-hub-card-advanced\" id=\"block-block_99a1f43b9aa18eedd7ecfbbdf18d18de\" className=\"\">\n\n    \n<\/div>\n\n\n\n<div class=\" acf-block-component align act-hub-card-advanced\" id=\"block-block_a846ec1ca67258a765bed818e553bb5e\" className=\"\">\n\n                  <a href=\"https:\/\/www.dgc.ca\/en\/national\/\" class=\"act-hub-card-advanced__link-url\">Directors Guild of Canada<\/a>\n    \n<\/div>\n\n\n\n<div class=\" acf-block-component align act-hub-card-advanced\" id=\"block-block_844017e5ebadc34b400ba0e95039c167\" className=\"\">\n\n    \n<\/div>\n\n\n\n<div class=\" acf-block-component align act-hub-card-advanced\" id=\"block-block_5ddd18a555da51445d44d9e4cda9a131\" className=\"\">\n\n                  <a href=\"https:\/\/docorg.ca\/\" class=\"act-hub-card-advanced__link-url\">Documentary Organization of Canada<\/a>\n    \n<\/div>\n\n\n\n<div class=\" acf-block-component align act-hub-card-advanced\" id=\"block-block_a9faffe7a4f43853561426dbb68f72a0\" className=\"\">\n\n                  <a href=\"http:\/\/aqtis.qc.ca\/\" class=\"act-hub-card-advanced__link-url\">Alliance qu\u00e9b\u00e9coise des techniciens de l\u2019image et du son<\/a>\n    \n<\/div>\n\n\n\n<div class=\" acf-block-component align act-hub-card-advanced\" id=\"block-block_d3100b8fb0d72979655681342377a109\" className=\"\">\n\n                  <a href=\"https:\/\/lefric.ca\/\" class=\"act-hub-card-advanced__link-url\">Front des r\u00e9alisateurs ind\u00e9pendants du Canada<\/a>\n    \n<\/div>\n\n\n\n<div class=\" acf-block-component align act-hub-card-advanced\" id=\"block-block_8470be47a5df20bb563fca2695b9fcc4\" className=\"\">\n\n                  <a href=\"https:\/\/www.aqpm.ca\/\" class=\"act-hub-card-advanced__link-url\">Association qu\u00e9b\u00e9coise de la production m\u00e9diatique<\/a>\n    \n<\/div>\n\n\n\n<div class=\" acf-block-component align act-hub-card-advanced\" id=\"block-block_63bc55fe73fa42dc872c2296ab6abc55\" className=\"\">\n\n                  <a href=\"https:\/\/www.socan.com\/\" class=\"act-hub-card-advanced__link-url\">Society of Composers, Authors and Music Publishers of Canada<\/a>\n    \n<\/div>\n\n\n\n<div class=\" acf-block-component align act-hub-card-advanced\" id=\"block-block_85c41f7d16106afc9353237cc9e3869d\" className=\"\">\n\n                  <a href=\"https:\/\/cmpa.ca\/\" class=\"act-hub-card-advanced__link-url\">Canadian Media Production Association (CMPA)<\/a>\n    \n<\/div>\n\n\n\n<div class=\" acf-block-component align act-hub-card-advanced\" id=\"block-block_7825f6d9f534e840142c65fc919c635c\" className=\"\">\n\n                  <a href=\"https:\/\/sacd.ca\/\" class=\"act-hub-card-advanced__link-url\">Soci\u00e9t\u00e9 des Auteurs et Compositeurs Dramatiques (SACD)<\/a>\n    \n<\/div>\n\n\n\n<div class=\" acf-block-component align act-hub-card-advanced\" id=\"block-block_10ef8aa69c04e82b0893b3310a2c1346\" className=\"\">\n\n                  <a href=\"https:\/\/csc.ca\/\" class=\"act-hub-card-advanced__link-url\">Canadian Society of Cinematographers<\/a>\n    \n<\/div>\n\n\n\n<div class=\" acf-block-component align act-hub-card-advanced\" id=\"block-block_55e204645a24c217d5b8ac6dcb46f5be\" className=\"\">\n\n                  <a href=\"https:\/\/www.sartec.qc.ca\/\" class=\"act-hub-card-advanced__link-url\">Soci\u00e9t\u00e9 des Auteurs de Radio, T\u00e9l\u00e9vision et Cin\u00e9ma<\/a>\n    \n<\/div>\n\n\n\n<div class=\" acf-block-component align act-hub-card-advanced\" id=\"block-block_302096bc7b5fe4b1b649f81928b58863\" className=\"\">\n\n                  <a href=\"https:\/\/wct-fct.com\/\" class=\"act-hub-card-advanced__link-url\">Canadian Women in Communications and Technology<\/a>\n    \n<\/div>\n\n\n\n<div class=\" acf-block-component align act-hub-card-advanced\" id=\"block-block_ca842823acf3a28aa0d4d102b0888e6e\" className=\"\">\n\n                  <a href=\"https:\/\/www.writersguildofcanada.com\/\" class=\"act-hub-card-advanced__link-url\">Writers Guild of Canada<\/a>\n    \n<\/div>\n<\/div>\n\n\n\n<h2 class=\"wp-block-heading is-style-bottom-line\" id=\"locations\">Locations<\/h2>\n\n\n\n<p class=\"wp-block-paragraph\">From coast to coast, a list of one-of-a-kind locales from which to base your project<\/p>\n\n\n\n<div class=\"wp-block-group is-style-grid-2 is-layout-flow wp-block-group-is-layout-flow\">\n<div class=\" acf-block-component align act-hub-card-advanced\" id=\"block-block_51f29028f07c7b999b30cd40cf5da442\" className=\"\">\n\n                  <a href=\"https:\/\/www.alberta.ca\/alberta-film-commission\" class=\"act-hub-card-advanced__link-url\">Alberta Culture and Tourism<\/a>\n    \n<\/div>\n\n\n\n<div class=\" acf-block-component align act-hub-card-advanced\" id=\"block-block_e020c8925cc79b71ac7816b239bcb1bb\" className=\"\">\n\n                  <a href=\"https:\/\/picturenl.ca\/\" class=\"act-hub-card-advanced__link-url\">Newfoundland &#038; Labrador Film Development Corporation<\/a>\n    \n<\/div>\n\n\n\n<div class=\" acf-block-component align act-hub-card-advanced\" id=\"block-block_2dc2fd0df2785bdac1371fcc19e75b5f\" className=\"\">\n\n                  <a href=\"https:\/\/www.bctq.ca\/\" class=\"act-hub-card-advanced__link-url\">Bureau du cin\u00e9ma et de la t\u00e9l\u00e9vision du Qu\u00e9bec<\/a>\n    \n<\/div>\n\n\n\n<div class=\" acf-block-component align act-hub-card-advanced\" id=\"block-block_d936667088dd3e13290226734a0cfbc6\" className=\"\">\n\n                  <a href=\"https:\/\/www.nwtfilm.com\/\" class=\"act-hub-card-advanced__link-url\">Northwest Territories \u2013 Industry, Tourism and Investment<\/a>\n    \n<\/div>\n\n\n\n<div class=\" acf-block-component align act-hub-card-advanced\" id=\"block-block_bd2511236f36e727facea1feee2eb100\" className=\"\">\n\n                  <a href=\"http:\/\/www.bcfilmcommission.com\/\" class=\"act-hub-card-advanced__link-url\">Creative BC<\/a>\n    \n<\/div>\n\n\n\n<div class=\" acf-block-component align act-hub-card-advanced\" id=\"block-block_73c78e949490a959baf79b75bf810aa4\" className=\"\">\n\n                  <a href=\"https:\/\/www.nunavutfilm.ca\/\" class=\"act-hub-card-advanced__link-url\">Nunavut Film Development Corporation<\/a>\n    \n<\/div>\n\n\n\n<div class=\" acf-block-component align act-hub-card-advanced\" id=\"block-block_70a8959b4bafb83e10be37d4130d299a\" className=\"\">\n\n                  <a href=\"https:\/\/www.creativesask.ca\/\" class=\"act-hub-card-advanced__link-url\">Creative Saskatchewan<\/a>\n    \n<\/div>\n\n\n\n<div class=\" acf-block-component align act-hub-card-advanced\" id=\"block-block_11e1cd82c0a1c1fb4787619ce5fae663\" className=\"\">\n\n                  <a href=\"https:\/\/www.ontariocreates.ca\/\" class=\"act-hub-card-advanced__link-url\">Ontario Creates<\/a>\n    \n<\/div>\n\n\n\n<div class=\" acf-block-component align act-hub-card-advanced\" id=\"block-block_9c903747e55e8c84fc1a543b11344e8a\" className=\"\">\n\n                  <a href=\"https:\/\/mbfilmmusic.ca\/en\/\" class=\"act-hub-card-advanced__link-url\">Manitoba Film and Music<\/a>\n    \n<\/div>\n\n\n\n<div class=\" acf-block-component align act-hub-card-advanced\" id=\"block-block_14be3fd7bdf0d00e051146b946446b69\" className=\"\">\n\n                  <a href=\"https:\/\/screennovascotia.com\/\" class=\"act-hub-card-advanced__link-url\">Screen Nova Scotia<\/a>\n    \n<\/div>\n\n\n\n<div class=\" acf-block-component align act-hub-card-advanced\" id=\"block-block_d17190a4a7667e8918665dfbb29a16ad\" className=\"\">\n\n                  <a href=\"https:\/\/www.nbfilm.ca\/\" class=\"act-hub-card-advanced__link-url\">New Brunswick Fil Nouveau-Brunswick Canada<\/a>\n    \n<\/div>\n\n\n\n<div class=\" acf-block-component align act-hub-card-advanced\" id=\"block-block_a0672b0ec13c26cfe87d542cb922f656\" className=\"\">\n\n                  <a href=\"https:\/\/www.reelyukon.com\/\" class=\"act-hub-card-advanced__link-url\">Yukon Media Development<\/a>\n    \n<\/div>\n<\/div>\n","protected":false},"excerpt":{"rendered":"<p>When it comes to production services, Canada\u2019s got talent. Virtual reality, animation, special effects, sound and set design, and much more. No need to scour the planet for the perfect location: just dive into in Canada\u2019s diverse landscapes and dynamic locales. From breathtaking mountain ranges and seascapes to urban skylines that touch the clouds, Canada\u2019s&#8230;<\/p>\n","protected":false},"author":1,"featured_media":0,"parent":0,"menu_order":0,"comment_status":"closed","ping_status":"closed","template":"","meta":{"_acf_changed":false,"_crdt_document":"","footnotes":""},"class_list":["post-99287","page","type-page","status-publish","hentry"],"acf":[],"yoast_head":"<!-- This site is optimized with the Yoast SEO plugin v27.4 - https:\/\/yoast.com\/product\/yoast-seo-wordpress\/ -->\n<title>Production services - RDVCanada.ca<\/title>\n<meta name=\"robots\" content=\"index, follow, max-snippet:-1, max-image-preview:large, max-video-preview:-1\" \/>\n<link rel=\"canonical\" href=\"https:\/\/rdvcanada.ca\/en\/production-services\/\" \/>\n<meta property=\"og:locale\" content=\"en_US\" \/>\n<meta property=\"og:type\" content=\"article\" \/>\n<meta property=\"og:title\" content=\"Production services - RDVCanada.ca\" \/>\n<meta property=\"og:description\" content=\"When it comes to production services, Canada\u2019s got talent. Virtual reality, animation, special effects, sound and set design, and much more. No need to scour the planet for the perfect location: just dive into in Canada\u2019s diverse landscapes and dynamic locales. From breathtaking mountain ranges and seascapes to urban skylines that touch the clouds, Canada\u2019s...\" \/>\n<meta property=\"og:url\" content=\"https:\/\/rdvcanada.ca\/en\/production-services\/\" \/>\n<meta property=\"og:site_name\" content=\"RDVCanada.ca\" \/>\n<meta property=\"article:publisher\" content=\"https:\/\/www.facebook.com\/telefilmcanada\" \/>\n<meta property=\"og:image\" content=\"https:\/\/stage.rdvcanada.ca\/wp-content\/themes\/tel1099010-julien\/assets\/img\/banniere.png\" \/>\n<meta name=\"twitter:card\" content=\"summary_large_image\" \/>\n<meta name=\"twitter:label1\" content=\"Est. reading time\" \/>\n\t<meta name=\"twitter:data1\" content=\"1 minute\" \/>\n<script type=\"application\/ld+json\" class=\"yoast-schema-graph\">{\n\t    \"@context\": \"https:\\\/\\\/schema.org\",\n\t    \"@graph\": [\n\t        {\n\t            \"@type\": \"WebPage\",\n\t            \"@id\": \"https:\\\/\\\/rdvcanada.ca\\\/en\\\/production-services\\\/\",\n\t            \"url\": \"https:\\\/\\\/rdvcanada.ca\\\/en\\\/production-services\\\/\",\n\t            \"name\": \"Production services - RDVCanada.ca\",\n\t            \"isPartOf\": {\n\t                \"@id\": \"https:\\\/\\\/rdvcanada.ca\\\/en\\\/#website\"\n\t            },\n\t            \"primaryImageOfPage\": {\n\t                \"@id\": \"https:\\\/\\\/rdvcanada.ca\\\/en\\\/production-services\\\/#primaryimage\"\n\t            },\n\t            \"image\": {\n\t                \"@id\": \"https:\\\/\\\/rdvcanada.ca\\\/en\\\/production-services\\\/#primaryimage\"\n\t            },\n\t            \"thumbnailUrl\": \"https:\\\/\\\/stage.rdvcanada.ca\\\/wp-content\\\/themes\\\/tel1099010-julien\\\/assets\\\/img\\\/banniere.png\",\n\t            \"datePublished\": \"2023-12-06T16:31:02+00:00\",\n\t            \"breadcrumb\": {\n\t                \"@id\": \"https:\\\/\\\/rdvcanada.ca\\\/en\\\/production-services\\\/#breadcrumb\"\n\t            },\n\t            \"inLanguage\": \"en-CA\",\n\t            \"potentialAction\": [\n\t                {\n\t                    \"@type\": \"ReadAction\",\n\t                    \"target\": [\n\t                        \"https:\\\/\\\/rdvcanada.ca\\\/en\\\/production-services\\\/\"\n\t                    ]\n\t                }\n\t            ]\n\t        },\n\t        {\n\t            \"@type\": \"ImageObject\",\n\t            \"inLanguage\": \"en-CA\",\n\t            \"@id\": \"https:\\\/\\\/rdvcanada.ca\\\/en\\\/production-services\\\/#primaryimage\",\n\t            \"url\": \"https:\\\/\\\/stage.rdvcanada.ca\\\/wp-content\\\/themes\\\/tel1099010-julien\\\/assets\\\/img\\\/banniere.png\",\n\t            \"contentUrl\": \"https:\\\/\\\/stage.rdvcanada.ca\\\/wp-content\\\/themes\\\/tel1099010-julien\\\/assets\\\/img\\\/banniere.png\"\n\t        },\n\t        {\n\t            \"@type\": \"BreadcrumbList\",\n\t            \"@id\": \"https:\\\/\\\/rdvcanada.ca\\\/en\\\/production-services\\\/#breadcrumb\",\n\t            \"itemListElement\": [\n\t                {\n\t                    \"@type\": \"ListItem\",\n\t                    \"position\": 1,\n\t                    \"name\": \"Home\",\n\t                    \"item\": \"https:\\\/\\\/rdvcanada.ca\\\/en\\\/\"\n\t                },\n\t                {\n\t                    \"@type\": \"ListItem\",\n\t                    \"position\": 2,\n\t                    \"name\": \"Production services\"\n\t                }\n\t            ]\n\t        },\n\t        {\n\t            \"@type\": \"WebSite\",\n\t            \"@id\": \"https:\\\/\\\/rdvcanada.ca\\\/en\\\/#website\",\n\t            \"url\": \"https:\\\/\\\/rdvcanada.ca\\\/en\\\/\",\n\t            \"name\": \"RDVCanada.ca\",\n\t            \"description\": \"SEE BIG. Discover the best in Canadian talent around the world.\",\n\t            \"potentialAction\": [\n\t                {\n\t                    \"@type\": \"SearchAction\",\n\t                    \"target\": {\n\t                        \"@type\": \"EntryPoint\",\n\t                        \"urlTemplate\": \"https:\\\/\\\/rdvcanada.ca\\\/en\\\/?s={search_term_string}\"\n\t                    },\n\t                    \"query-input\": {\n\t                        \"@type\": \"PropertyValueSpecification\",\n\t                        \"valueRequired\": true,\n\t                        \"valueName\": \"search_term_string\"\n\t                    }\n\t                }\n\t            ],\n\t            \"inLanguage\": \"en-CA\"\n\t        }\n\t    ]\n\t}<\/script>\n<!-- \/ Yoast SEO plugin. -->","yoast_head_json":{"title":"Production services - RDVCanada.ca","robots":{"index":"index","follow":"follow","max-snippet":"max-snippet:-1","max-image-preview":"max-image-preview:large","max-video-preview":"max-video-preview:-1"},"canonical":"https:\/\/rdvcanada.ca\/en\/production-services\/","og_locale":"en_US","og_type":"article","og_title":"Production services - RDVCanada.ca","og_description":"When it comes to production services, Canada\u2019s got talent. Virtual reality, animation, special effects, sound and set design, and much more. No need to scour the planet for the perfect location: just dive into in Canada\u2019s diverse landscapes and dynamic locales. From breathtaking mountain ranges and seascapes to urban skylines that touch the clouds, Canada\u2019s...","og_url":"https:\/\/rdvcanada.ca\/en\/production-services\/","og_site_name":"RDVCanada.ca","article_publisher":"https:\/\/www.facebook.com\/telefilmcanada","og_image":[{"url":"https:\/\/stage.rdvcanada.ca\/wp-content\/themes\/tel1099010-julien\/assets\/img\/banniere.png","type":"","width":"","height":""}],"twitter_card":"summary_large_image","twitter_misc":{"Est. reading time":"1 minute"},"schema":{"@context":"https:\/\/schema.org","@graph":[{"@type":"WebPage","@id":"https:\/\/rdvcanada.ca\/en\/production-services\/","url":"https:\/\/rdvcanada.ca\/en\/production-services\/","name":"Production services - RDVCanada.ca","isPartOf":{"@id":"https:\/\/rdvcanada.ca\/en\/#website"},"primaryImageOfPage":{"@id":"https:\/\/rdvcanada.ca\/en\/production-services\/#primaryimage"},"image":{"@id":"https:\/\/rdvcanada.ca\/en\/production-services\/#primaryimage"},"thumbnailUrl":"https:\/\/stage.rdvcanada.ca\/wp-content\/themes\/tel1099010-julien\/assets\/img\/banniere.png","datePublished":"2023-12-06T16:31:02+00:00","breadcrumb":{"@id":"https:\/\/rdvcanada.ca\/en\/production-services\/#breadcrumb"},"inLanguage":"en-CA","potentialAction":[{"@type":"ReadAction","target":["https:\/\/rdvcanada.ca\/en\/production-services\/"]}]},{"@type":"ImageObject","inLanguage":"en-CA","@id":"https:\/\/rdvcanada.ca\/en\/production-services\/#primaryimage","url":"https:\/\/stage.rdvcanada.ca\/wp-content\/themes\/tel1099010-julien\/assets\/img\/banniere.png","contentUrl":"https:\/\/stage.rdvcanada.ca\/wp-content\/themes\/tel1099010-julien\/assets\/img\/banniere.png"},{"@type":"BreadcrumbList","@id":"https:\/\/rdvcanada.ca\/en\/production-services\/#breadcrumb","itemListElement":[{"@type":"ListItem","position":1,"name":"Home","item":"https:\/\/rdvcanada.ca\/en\/"},{"@type":"ListItem","position":2,"name":"Production services"}]},{"@type":"WebSite","@id":"https:\/\/rdvcanada.ca\/en\/#website","url":"https:\/\/rdvcanada.ca\/en\/","name":"RDVCanada.ca","description":"SEE BIG. Discover the best in Canadian talent around the world.","potentialAction":[{"@type":"SearchAction","target":{"@type":"EntryPoint","urlTemplate":"https:\/\/rdvcanada.ca\/en\/?s={search_term_string}"},"query-input":{"@type":"PropertyValueSpecification","valueRequired":true,"valueName":"search_term_string"}}],"inLanguage":"en-CA"}]}},"_links":{"self":[{"href":"https:\/\/rdvcanada.ca\/en\/wp-json\/wp\/v2\/pages\/99287","targetHints":{"allow":["GET"]}}],"collection":[{"href":"https:\/\/rdvcanada.ca\/en\/wp-json\/wp\/v2\/pages"}],"about":[{"href":"https:\/\/rdvcanada.ca\/en\/wp-json\/wp\/v2\/types\/page"}],"author":[{"embeddable":true,"href":"https:\/\/rdvcanada.ca\/en\/wp-json\/wp\/v2\/users\/1"}],"replies":[{"embeddable":true,"href":"https:\/\/rdvcanada.ca\/en\/wp-json\/wp\/v2\/comments?post=99287"}],"version-history":[{"count":0,"href":"https:\/\/rdvcanada.ca\/en\/wp-json\/wp\/v2\/pages\/99287\/revisions"}],"wp:attachment":[{"href":"https:\/\/rdvcanada.ca\/en\/wp-json\/wp\/v2\/media?parent=99287"}],"curies":[{"name":"wp","href":"https:\/\/api.w.org\/{rel}","templated":true}]}}